{"id":1735,"date":"2023-12-29T15:19:42","date_gmt":"2023-12-29T15:19:42","guid":{"rendered":"https:\/\/augenpraxis-gifhorn.de\/?page_id=1735"},"modified":"2024-02-18T21:05:14","modified_gmt":"2024-02-18T21:05:14","slug":"dr-med-ahmad-alsamman-ico-facharzt-augenheilkunde","status":"publish","type":"page","link":"https:\/\/augenpraxis-gifhorn.de\/index.php\/dr-med-ahmad-alsamman-ico-facharzt-augenheilkunde\/","title":{"rendered":"Dr. med. Ahmad Alsamman, ICO."},"content":{"rendered":"\t\t<div data-elementor-type=\"wp-page\" data-elementor-id=\"1735\" class=\"elementor elementor-1735\" data-elementor-post-type=\"page\">\n\t\t\t\t<div class=\"elementor-element elementor-element-1c64a95 e-flex e-con-boxed e-con e-parent\" data-id=\"1c64a95\" data-element_type=\"container\" data-e-type=\"container\">\n\t\t\t\t\t<div class=\"e-con-inner\">\n\t\t<div class=\"elementor-element elementor-element-3b07a15 e-con-full animated-slow e-flex elementor-invisible e-con e-child\" data-id=\"3b07a15\" data-element_type=\"container\" data-e-type=\"container\" data-settings=\"{&quot;animation&quot;:&quot;bounceInLeft&quot;}\">\n\t\t\t\t<div class=\"elementor-element elementor-element-5b68331 elementor-widget elementor-widget-heading\" data-id=\"5b68331\" data-element_type=\"widget\" data-e-type=\"widget\" data-widget_type=\"heading.default\">\n\t\t\t\t<div class=\"elementor-widget-container\">\n\t\t\t\t\t<h2 class=\"elementor-heading-title elementor-size-default\">Dr. med. Ahmad Alsamman, ICO.<\/h2>\t\t\t\t<\/div>\n\t\t\t\t<\/div>\n\t\t\t\t<\/div>\n\t\t<div class=\"elementor-element elementor-element-0329d44 e-con-full e-flex elementor-invisible e-con e-child\" data-id=\"0329d44\" data-element_type=\"container\" data-e-type=\"container\" data-settings=\"{&quot;animation&quot;:&quot;bounceInRight&quot;}\">\n\t\t\t\t<div class=\"elementor-element elementor-element-7e536c5 elementor-widget elementor-widget-image\" data-id=\"7e536c5\" data-element_type=\"widget\" data-e-type=\"widget\" data-widget_type=\"image.default\">\n\t\t\t\t<div class=\"elementor-widget-container\">\n\t\t\t\t\t\t\t\t\t\t\t\t\t\t\t<img decoding=\"async\" width=\"300\" height=\"60\" src=\"https:\/\/augenpraxis-gifhorn.de\/wp-content\/uploads\/2023\/12\/part-logo-ohne-bac-300x60.png\" class=\"attachment-medium size-medium wp-image-677\" alt=\"\" srcset=\"https:\/\/augenpraxis-gifhorn.de\/wp-content\/uploads\/2023\/12\/part-logo-ohne-bac-300x60.png 300w, https:\/\/augenpraxis-gifhorn.de\/wp-content\/uploads\/2023\/12\/part-logo-ohne-bac-1024x205.png 1024w, https:\/\/augenpraxis-gifhorn.de\/wp-content\/uploads\/2023\/12\/part-logo-ohne-bac-768x154.png 768w, https:\/\/augenpraxis-gifhorn.de\/wp-content\/uploads\/2023\/12\/part-logo-ohne-bac-1536x307.png 1536w, https:\/\/augenpraxis-gifhorn.de\/wp-content\/uploads\/2023\/12\/part-logo-ohne-bac.png 2000w\" sizes=\"(max-width: 300px) 100vw, 300px\" \/>\t\t\t\t\t\t\t\t\t\t\t\t\t\t\t<\/div>\n\t\t\t\t<\/div>\n\t\t\t\t<\/div>\n\t\t<div class=\"elementor-element elementor-element-bb03970 e-con-full e-flex e-con e-child\" data-id=\"bb03970\" data-element_type=\"container\" data-e-type=\"container\">\n\t\t\t\t<div class=\"elementor-element elementor-element-a383309 elementor-invisible elementor-widget elementor-widget-html\" data-id=\"a383309\" data-element_type=\"widget\" data-e-type=\"widget\" data-settings=\"{&quot;_animation&quot;:&quot;zoomInDown&quot;}\" data-widget_type=\"html.default\">\n\t\t\t\t<div class=\"elementor-widget-container\">\n\t\t\t\t\t<!DOCTYPE html>\r\n<html lang=\"de\">\r\n\r\n<head>\r\n    <meta charset=\"UTF-8\">\r\n    <meta name=\"viewport\" content=\"width=device-width, initial-scale=1.0\">\r\n    <title>Facharzt f\u00fcr Augenheilkunde<\/title>\r\n    <style>\r\n        body {\r\n            font-family: Arial, sans-serif;\r\n            color: #235A61;\r\n        }\r\n\r\n        h2 {\r\n            font-size: 20px;\r\n        }\r\n\r\n        p {\r\n            font-size: 16px;\r\n        }\r\n    <\/style>\r\n<\/head>\r\n\r\n<body>\r\n\r\n    <h2>Facharzt f\u00fcr Augenheilkunde<\/h2>\r\n\r\n    <p><strong>Berufserfahrung:<\/strong><\/p>\r\n    <ul>\r\n        <li>seit 2019 in eigener Augenpraxis t\u00e4tig<\/li>\r\n        <li>2015 \u2013 2018 Facharzt f\u00fcr Augenheilkunde in der MVZ Dr. Kamouna, Braunschweig<\/li>\r\n        <li>2013 \u2013 2015 Assistentzarzt in der Augenpraxis und Augenklinik Schloss-Carree, Braunschweig<\/li>\r\n        <li>2010 \u2013 2013 Assistenzarzt im Augenfachkrankenhaus, Aleppo, Syrien<\/li>\r\n    <\/ul>\r\n\r\n    <p><strong>Berufliche Weiterbildung:<\/strong><\/p>\r\n    <ul>\r\n        <li>2020 Promotion, Univ. zu K\u00f6ln<\/li>\r\n        <li>2017 Pr\u00fcfung in Klinische Wissenschaften in Augenheilkunde, Internationaler Rat der Augenheilkunde (ICO), Hauptsitz: London, England<\/li>\r\n        <li>2015 Facharzt f\u00fcr Augenheilkunde<\/li>\r\n        <li>2014 Deutsche Approbation als Arzt<\/li>\r\n        <li>2012 Pr\u00fcfung in Optik und Lichtbrechung in Augenheilkunde, Internationaler Rat der Augenheilkunde (ICO), Hauptsitz: London, England<\/li>\r\n        <li>2011 Gr\u00fcndpr\u00fcfung in Augenheilkunde, Internationaler Rat der Augenheilkunde (ICO), Hauptsitz: London, England<\/li>\r\n        <li>2010 Auszeichnung des Gesundheitsamtes, Aleppo, Syrien<\/li>\r\n    <\/ul>\r\n\r\n    <p><strong>Ausbildung und Studium:<\/strong><\/p>\r\n    <ul>\r\n        <li>2009 Hochschulabschlusszeugnis \u201eApprobation zum Doktor in der Humanmedizin\u201c Univ. Aleppo, Syrien<\/li>\r\n        <li>2009 Klinisches Praktischesjahr an der Medizinischen Fakult\u00e4t der Univ Aleppo, Syrien<\/li>\r\n        <li>2003 \u2013 2008 Grund- und Hauptstudium der Humanmedizin an der Medizinischen Fakult\u00e4t Univ. Aleppo, Syrien<\/li>\r\n        <li>2003 Abitur<\/li>\r\n        <li>2000 \u2013 2003 Gymnasium f\u00fcr Hochbegabte, Homs, Syrien<\/li>\r\n    <\/ul>\r\n\r\n<\/body>\r\n\r\n<\/html>\r\n\t\t\t\t<\/div>\n\t\t\t\t<\/div>\n\t\t\t\t<\/div>\n\t\t<div class=\"elementor-element elementor-element-2d80812 e-con-full e-flex elementor-invisible e-con e-child\" data-id=\"2d80812\" data-element_type=\"container\" data-e-type=\"container\" data-settings=\"{&quot;animation&quot;:&quot;slideInRight&quot;}\">\n\t\t\t\t<div class=\"elementor-element elementor-element-9fa13ae elementor-widget elementor-widget-image\" data-id=\"9fa13ae\" data-element_type=\"widget\" data-e-type=\"widget\" data-widget_type=\"image.default\">\n\t\t\t\t<div class=\"elementor-widget-container\">\n\t\t\t\t\t\t\t\t\t\t\t\t\t\t\t<img fetchpriority=\"high\" decoding=\"async\" width=\"225\" height=\"300\" src=\"https:\/\/augenpraxis-gifhorn.de\/wp-content\/uploads\/2023\/12\/18-225x300.jpg\" class=\"attachment-medium size-medium wp-image-824\" alt=\"Dr. med. Ahmad Alsamman, ICO Facharzt f\u00fcr Augenheilkunde\" srcset=\"https:\/\/augenpraxis-gifhorn.de\/wp-content\/uploads\/2023\/12\/18-225x300.jpg 225w, https:\/\/augenpraxis-gifhorn.de\/wp-content\/uploads\/2023\/12\/18.jpg 540w\" sizes=\"(max-width: 225px) 100vw, 225px\" \/>\t\t\t\t\t\t\t\t\t\t\t\t\t\t\t<\/div>\n\t\t\t\t<\/div>\n\t\t\t\t<\/div>\n\t\t\t\t\t<\/div>\n\t\t\t\t<\/div>\n\t\t<div class=\"elementor-element elementor-element-15b9ae4 e-flex e-con-boxed e-con e-parent\" data-id=\"15b9ae4\" data-element_type=\"container\" data-e-type=\"container\">\n\t\t\t\t\t<div class=\"e-con-inner\">\n\t\t<div class=\"elementor-element elementor-element-44324c3 e-con-full e-flex e-con e-child\" data-id=\"44324c3\" data-element_type=\"container\" data-e-type=\"container\">\n\t\t\t\t<div class=\"elementor-element elementor-element-2f6c78f elementor-align-justify animated-fast elementor-widget__width-initial elementor-invisible elementor-widget elementor-widget-button\" data-id=\"2f6c78f\" data-element_type=\"widget\" data-e-type=\"widget\" data-settings=\"{&quot;_animation&quot;:&quot;zoomInDown&quot;}\" data-widget_type=\"button.default\">\n\t\t\t\t<div class=\"elementor-widget-container\">\n\t\t\t\t\t\t\t\t\t<div class=\"elementor-button-wrapper\">\n\t\t\t\t\t<a class=\"elementor-button elementor-button-link elementor-size-sm\" href=\"https:\/\/augenpraxis-gifhorn.de\/index.php\/team\/\">\n\t\t\t\t\t\t<span class=\"elementor-button-content-wrapper\">\n\t\t\t\t\t\t\t\t\t<span class=\"elementor-button-text\">Zur\u00fcck zum Team<\/span>\n\t\t\t\t\t<\/span>\n\t\t\t\t\t<\/a>\n\t\t\t\t<\/div>\n\t\t\t\t\t\t\t\t<\/div>\n\t\t\t\t<\/div>\n\t\t\t\t<\/div>\n\t\t<div class=\"elementor-element elementor-element-18095ae e-con-full e-flex elementor-invisible e-con e-child\" data-id=\"18095ae\" data-element_type=\"container\" data-e-type=\"container\" data-settings=\"{&quot;animation&quot;:&quot;zoomInDown&quot;}\">\n\t\t\t\t<div class=\"elementor-element elementor-element-e1707ce elementor-widget__width-initial elementor-widget elementor-widget-html\" data-id=\"e1707ce\" data-element_type=\"widget\" data-e-type=\"widget\" data-widget_type=\"html.default\">\n\t\t\t\t<div class=\"elementor-widget-container\">\n\t\t\t\t\t<a href=\"https:\/\/www.doctolib.de\/praxis\/gifhorn\/augenaerzte-muehlenquartier?utm_campaign=website-button&amp;utm_source=augenaerzte-muehlenquartier-website-button&amp;utm_medium=referral&amp;utm_content=option-8&amp;utm_term=augenaerzte-muehlenquartier\" style=\"display: inline-block; text-align: center; background-color: #0596DE; color: #ffffff; font-size: 14px; width: 100%; max-width: 550px; height: 40px; border-radius: 30px; margin: 0 auto; line-height: 40px; text-decoration: none;\" target=\"_blank\" rel=\"noopener noreferrer\">\r\n    <span style=\"font-size: 14px;\">Termin online buchen<\/span>\r\n    <img decoding=\"async\" style=\"display: inline-block; height: 15px; margin-bottom: 3px; vertical-align: middle; width: auto;\" src=\"https:\/\/www.doctolib.de\/external_button\/doctolib-white-transparent.png\" alt=\"Doctolib\">\r\n<\/a>\r\n\t\t\t\t<\/div>\n\t\t\t\t<\/div>\n\t\t\t\t<\/div>\n\t\t\t\t\t<\/div>\n\t\t\t\t<\/div>\n\t\t\t\t<\/div>\n\t\t","protected":false},"excerpt":{"rendered":"<p>Dr. med. Ahmad Alsamman, ICO Facharzt f\u00fcr Augenheilkunde Facharzt f\u00fcr Augenheilkunde Berufserfahrung: seit 2019 in eigener Augenpraxis t\u00e4tig 2015 \u2013 2018 Facharzt f\u00fcr Augenheilkunde in der MVZ Dr. Kamouna, Braunschweig 2013 \u2013 2015 Assistentzarzt in der Augenpraxis und Augenklinik Schloss-Carree, Braunschweig 2010 \u2013 2013 Assistenzarzt im Augenfachkrankenhaus, Aleppo, Syrien Berufliche Weiterbildung: 2020 Promotion, Univ. zu [&hellip;]<\/p>\n","protected":false},"author":1,"featured_media":824,"parent":0,"menu_order":0,"comment_status":"closed","ping_status":"closed","template":"","meta":{"footnotes":""},"class_list":["post-1735","page","type-page","status-publish","has-post-thumbnail","hentry"],"yoast_head":"<!-- This site is optimized with the Yoast SEO plugin v26.9 - https:\/\/yoast.com\/product\/yoast-seo-wordpress\/ -->\n<title>Dr. med. Ahmad Alsamman, | Augen\u00e4rzte M\u00fchlenquartier Gifhorn<\/title>\n<meta name=\"description\" content=\"Facharzt f\u00fcr Augenheilkunde. Ambulante Augen-Op, Makulabehandlung, Grauer Star-, Lid-, Gr\u00fcner Star- Operationen, Laserchirurgie, Gutachten.\" \/>\n<meta name=\"robots\" content=\"index, follow, max-snippet:-1, max-image-preview:large, max-video-preview:-1\" \/>\n<link rel=\"canonical\" href=\"https:\/\/augenpraxis-gifhorn.de\/index.php\/dr-med-ahmad-alsamman-ico-facharzt-augenheilkunde\/\" \/>\n<meta property=\"og:locale\" content=\"de_DE\" \/>\n<meta property=\"og:type\" content=\"article\" \/>\n<meta property=\"og:title\" content=\"Dr. med. Ahmad Alsamman, | Augen\u00e4rzte M\u00fchlenquartier Gifhorn\" \/>\n<meta property=\"og:description\" content=\"Facharzt f\u00fcr Augenheilkunde. Ambulante Augen-Op, Makulabehandlung, Grauer Star-, Lid-, Gr\u00fcner Star- Operationen, Laserchirurgie, Gutachten.\" \/>\n<meta property=\"og:url\" content=\"https:\/\/augenpraxis-gifhorn.de\/index.php\/dr-med-ahmad-alsamman-ico-facharzt-augenheilkunde\/\" \/>\n<meta property=\"og:site_name\" content=\"Augen\u00e4rzte M\u00fchlenquartier Gifhorn\" \/>\n<meta property=\"article:publisher\" content=\"https:\/\/www.facebook.com\/profile.php?id=61555730376764\" \/>\n<meta property=\"article:modified_time\" content=\"2024-02-18T21:05:14+00:00\" \/>\n<meta property=\"og:image\" content=\"https:\/\/augenpraxis-gifhorn.de\/wp-content\/uploads\/2023\/12\/18.jpg\" \/>\n\t<meta property=\"og:image:width\" content=\"540\" \/>\n\t<meta property=\"og:image:height\" content=\"720\" \/>\n\t<meta property=\"og:image:type\" content=\"image\/jpeg\" \/>\n<meta name=\"twitter:card\" content=\"summary_large_image\" \/>\n<meta name=\"twitter:label1\" content=\"Gesch\u00e4tzte Lesezeit\" \/>\n\t<meta name=\"twitter:data1\" content=\"2\u00a0Minuten\" \/>\n<script type=\"application\/ld+json\" class=\"yoast-schema-graph\">{\"@context\":\"https:\/\/schema.org\",\"@graph\":[{\"@type\":\"WebPage\",\"@id\":\"https:\/\/augenpraxis-gifhorn.de\/index.php\/dr-med-ahmad-alsamman-ico-facharzt-augenheilkunde\/\",\"url\":\"https:\/\/augenpraxis-gifhorn.de\/index.php\/dr-med-ahmad-alsamman-ico-facharzt-augenheilkunde\/\",\"name\":\"Dr. med. Ahmad Alsamman, | Augen\u00e4rzte M\u00fchlenquartier Gifhorn\",\"isPartOf\":{\"@id\":\"https:\/\/augenpraxis-gifhorn.de\/#website\"},\"primaryImageOfPage\":{\"@id\":\"https:\/\/augenpraxis-gifhorn.de\/index.php\/dr-med-ahmad-alsamman-ico-facharzt-augenheilkunde\/#primaryimage\"},\"image\":{\"@id\":\"https:\/\/augenpraxis-gifhorn.de\/index.php\/dr-med-ahmad-alsamman-ico-facharzt-augenheilkunde\/#primaryimage\"},\"thumbnailUrl\":\"https:\/\/augenpraxis-gifhorn.de\/wp-content\/uploads\/2023\/12\/18.jpg\",\"datePublished\":\"2023-12-29T15:19:42+00:00\",\"dateModified\":\"2024-02-18T21:05:14+00:00\",\"description\":\"Facharzt f\u00fcr Augenheilkunde. Ambulante Augen-Op, Makulabehandlung, Grauer Star-, Lid-, Gr\u00fcner Star- Operationen, Laserchirurgie, Gutachten.\",\"breadcrumb\":{\"@id\":\"https:\/\/augenpraxis-gifhorn.de\/index.php\/dr-med-ahmad-alsamman-ico-facharzt-augenheilkunde\/#breadcrumb\"},\"inLanguage\":\"de\",\"potentialAction\":[{\"@type\":\"ReadAction\",\"target\":[\"https:\/\/augenpraxis-gifhorn.de\/index.php\/dr-med-ahmad-alsamman-ico-facharzt-augenheilkunde\/\"]}]},{\"@type\":\"ImageObject\",\"inLanguage\":\"de\",\"@id\":\"https:\/\/augenpraxis-gifhorn.de\/index.php\/dr-med-ahmad-alsamman-ico-facharzt-augenheilkunde\/#primaryimage\",\"url\":\"https:\/\/augenpraxis-gifhorn.de\/wp-content\/uploads\/2023\/12\/18.jpg\",\"contentUrl\":\"https:\/\/augenpraxis-gifhorn.de\/wp-content\/uploads\/2023\/12\/18.jpg\",\"width\":540,\"height\":720,\"caption\":\"Facharzt f\u00fcr Augenheilkunde\"},{\"@type\":\"BreadcrumbList\",\"@id\":\"https:\/\/augenpraxis-gifhorn.de\/index.php\/dr-med-ahmad-alsamman-ico-facharzt-augenheilkunde\/#breadcrumb\",\"itemListElement\":[{\"@type\":\"ListItem\",\"position\":1,\"name\":\"Startseite\",\"item\":\"https:\/\/augenpraxis-gifhorn.de\/\"},{\"@type\":\"ListItem\",\"position\":2,\"name\":\"Dr. med. Ahmad Alsamman, ICO.\"}]},{\"@type\":\"WebSite\",\"@id\":\"https:\/\/augenpraxis-gifhorn.de\/#website\",\"url\":\"https:\/\/augenpraxis-gifhorn.de\/\",\"name\":\"Augen\u00e4rzte M\u00fchlenquartier\",\"description\":\"Augenarztpraxis, Ambulante Augen-Op\",\"publisher\":{\"@id\":\"https:\/\/augenpraxis-gifhorn.de\/#organization\"},\"potentialAction\":[{\"@type\":\"SearchAction\",\"target\":{\"@type\":\"EntryPoint\",\"urlTemplate\":\"https:\/\/augenpraxis-gifhorn.de\/?s={search_term_string}\"},\"query-input\":{\"@type\":\"PropertyValueSpecification\",\"valueRequired\":true,\"valueName\":\"search_term_string\"}}],\"inLanguage\":\"de\"},{\"@type\":\"Organization\",\"@id\":\"https:\/\/augenpraxis-gifhorn.de\/#organization\",\"name\":\"Augen\u00e4rzte M\u00fchlenquartier Gifhorn\",\"url\":\"https:\/\/augenpraxis-gifhorn.de\/\",\"logo\":{\"@type\":\"ImageObject\",\"inLanguage\":\"de\",\"@id\":\"https:\/\/augenpraxis-gifhorn.de\/#\/schema\/logo\/image\/\",\"url\":\"http:\/\/augenpraxis-gifhorn.de\/wp-content\/uploads\/2023\/12\/cropped-Logo_Augenaerzte_Muehlenquartier-Kopie.png\",\"contentUrl\":\"http:\/\/augenpraxis-gifhorn.de\/wp-content\/uploads\/2023\/12\/cropped-Logo_Augenaerzte_Muehlenquartier-Kopie.png\",\"width\":512,\"height\":512,\"caption\":\"Augen\u00e4rzte M\u00fchlenquartier Gifhorn\"},\"image\":{\"@id\":\"https:\/\/augenpraxis-gifhorn.de\/#\/schema\/logo\/image\/\"},\"sameAs\":[\"https:\/\/www.facebook.com\/profile.php?id=61555730376764\",\"https:\/\/www.instagram.com\/augenaerzte_muehlenquartier\/\"]}]}<\/script>\n<!-- \/ Yoast SEO plugin. -->","yoast_head_json":{"title":"Dr. med. Ahmad Alsamman, | Augen\u00e4rzte M\u00fchlenquartier Gifhorn","description":"Facharzt f\u00fcr Augenheilkunde. Ambulante Augen-Op, Makulabehandlung, Grauer Star-, Lid-, Gr\u00fcner Star- Operationen, Laserchirurgie, Gutachten.","robots":{"index":"index","follow":"follow","max-snippet":"max-snippet:-1","max-image-preview":"max-image-preview:large","max-video-preview":"max-video-preview:-1"},"canonical":"https:\/\/augenpraxis-gifhorn.de\/index.php\/dr-med-ahmad-alsamman-ico-facharzt-augenheilkunde\/","og_locale":"de_DE","og_type":"article","og_title":"Dr. med. Ahmad Alsamman, | Augen\u00e4rzte M\u00fchlenquartier Gifhorn","og_description":"Facharzt f\u00fcr Augenheilkunde. Ambulante Augen-Op, Makulabehandlung, Grauer Star-, Lid-, Gr\u00fcner Star- Operationen, Laserchirurgie, Gutachten.","og_url":"https:\/\/augenpraxis-gifhorn.de\/index.php\/dr-med-ahmad-alsamman-ico-facharzt-augenheilkunde\/","og_site_name":"Augen\u00e4rzte M\u00fchlenquartier Gifhorn","article_publisher":"https:\/\/www.facebook.com\/profile.php?id=61555730376764","article_modified_time":"2024-02-18T21:05:14+00:00","og_image":[{"width":540,"height":720,"url":"https:\/\/augenpraxis-gifhorn.de\/wp-content\/uploads\/2023\/12\/18.jpg","type":"image\/jpeg"}],"twitter_card":"summary_large_image","twitter_misc":{"Gesch\u00e4tzte Lesezeit":"2\u00a0Minuten"},"schema":{"@context":"https:\/\/schema.org","@graph":[{"@type":"WebPage","@id":"https:\/\/augenpraxis-gifhorn.de\/index.php\/dr-med-ahmad-alsamman-ico-facharzt-augenheilkunde\/","url":"https:\/\/augenpraxis-gifhorn.de\/index.php\/dr-med-ahmad-alsamman-ico-facharzt-augenheilkunde\/","name":"Dr. med. Ahmad Alsamman, | Augen\u00e4rzte M\u00fchlenquartier Gifhorn","isPartOf":{"@id":"https:\/\/augenpraxis-gifhorn.de\/#website"},"primaryImageOfPage":{"@id":"https:\/\/augenpraxis-gifhorn.de\/index.php\/dr-med-ahmad-alsamman-ico-facharzt-augenheilkunde\/#primaryimage"},"image":{"@id":"https:\/\/augenpraxis-gifhorn.de\/index.php\/dr-med-ahmad-alsamman-ico-facharzt-augenheilkunde\/#primaryimage"},"thumbnailUrl":"https:\/\/augenpraxis-gifhorn.de\/wp-content\/uploads\/2023\/12\/18.jpg","datePublished":"2023-12-29T15:19:42+00:00","dateModified":"2024-02-18T21:05:14+00:00","description":"Facharzt f\u00fcr Augenheilkunde. Ambulante Augen-Op, Makulabehandlung, Grauer Star-, Lid-, Gr\u00fcner Star- Operationen, Laserchirurgie, Gutachten.","breadcrumb":{"@id":"https:\/\/augenpraxis-gifhorn.de\/index.php\/dr-med-ahmad-alsamman-ico-facharzt-augenheilkunde\/#breadcrumb"},"inLanguage":"de","potentialAction":[{"@type":"ReadAction","target":["https:\/\/augenpraxis-gifhorn.de\/index.php\/dr-med-ahmad-alsamman-ico-facharzt-augenheilkunde\/"]}]},{"@type":"ImageObject","inLanguage":"de","@id":"https:\/\/augenpraxis-gifhorn.de\/index.php\/dr-med-ahmad-alsamman-ico-facharzt-augenheilkunde\/#primaryimage","url":"https:\/\/augenpraxis-gifhorn.de\/wp-content\/uploads\/2023\/12\/18.jpg","contentUrl":"https:\/\/augenpraxis-gifhorn.de\/wp-content\/uploads\/2023\/12\/18.jpg","width":540,"height":720,"caption":"Facharzt f\u00fcr Augenheilkunde"},{"@type":"BreadcrumbList","@id":"https:\/\/augenpraxis-gifhorn.de\/index.php\/dr-med-ahmad-alsamman-ico-facharzt-augenheilkunde\/#breadcrumb","itemListElement":[{"@type":"ListItem","position":1,"name":"Startseite","item":"https:\/\/augenpraxis-gifhorn.de\/"},{"@type":"ListItem","position":2,"name":"Dr. med. Ahmad Alsamman, ICO."}]},{"@type":"WebSite","@id":"https:\/\/augenpraxis-gifhorn.de\/#website","url":"https:\/\/augenpraxis-gifhorn.de\/","name":"Augen\u00e4rzte M\u00fchlenquartier","description":"Augenarztpraxis, Ambulante Augen-Op","publisher":{"@id":"https:\/\/augenpraxis-gifhorn.de\/#organization"},"potentialAction":[{"@type":"SearchAction","target":{"@type":"EntryPoint","urlTemplate":"https:\/\/augenpraxis-gifhorn.de\/?s={search_term_string}"},"query-input":{"@type":"PropertyValueSpecification","valueRequired":true,"valueName":"search_term_string"}}],"inLanguage":"de"},{"@type":"Organization","@id":"https:\/\/augenpraxis-gifhorn.de\/#organization","name":"Augen\u00e4rzte M\u00fchlenquartier Gifhorn","url":"https:\/\/augenpraxis-gifhorn.de\/","logo":{"@type":"ImageObject","inLanguage":"de","@id":"https:\/\/augenpraxis-gifhorn.de\/#\/schema\/logo\/image\/","url":"http:\/\/augenpraxis-gifhorn.de\/wp-content\/uploads\/2023\/12\/cropped-Logo_Augenaerzte_Muehlenquartier-Kopie.png","contentUrl":"http:\/\/augenpraxis-gifhorn.de\/wp-content\/uploads\/2023\/12\/cropped-Logo_Augenaerzte_Muehlenquartier-Kopie.png","width":512,"height":512,"caption":"Augen\u00e4rzte M\u00fchlenquartier Gifhorn"},"image":{"@id":"https:\/\/augenpraxis-gifhorn.de\/#\/schema\/logo\/image\/"},"sameAs":["https:\/\/www.facebook.com\/profile.php?id=61555730376764","https:\/\/www.instagram.com\/augenaerzte_muehlenquartier\/"]}]}},"_links":{"self":[{"href":"https:\/\/augenpraxis-gifhorn.de\/index.php\/wp-json\/wp\/v2\/pages\/1735","targetHints":{"allow":["GET"]}}],"collection":[{"href":"https:\/\/augenpraxis-gifhorn.de\/index.php\/wp-json\/wp\/v2\/pages"}],"about":[{"href":"https:\/\/augenpraxis-gifhorn.de\/index.php\/wp-json\/wp\/v2\/types\/page"}],"author":[{"embeddable":true,"href":"https:\/\/augenpraxis-gifhorn.de\/index.php\/wp-json\/wp\/v2\/users\/1"}],"replies":[{"embeddable":true,"href":"https:\/\/augenpraxis-gifhorn.de\/index.php\/wp-json\/wp\/v2\/comments?post=1735"}],"version-history":[{"count":348,"href":"https:\/\/augenpraxis-gifhorn.de\/index.php\/wp-json\/wp\/v2\/pages\/1735\/revisions"}],"predecessor-version":[{"id":4551,"href":"https:\/\/augenpraxis-gifhorn.de\/index.php\/wp-json\/wp\/v2\/pages\/1735\/revisions\/4551"}],"wp:featuredmedia":[{"embeddable":true,"href":"https:\/\/augenpraxis-gifhorn.de\/index.php\/wp-json\/wp\/v2\/media\/824"}],"wp:attachment":[{"href":"https:\/\/augenpraxis-gifhorn.de\/index.php\/wp-json\/wp\/v2\/media?parent=1735"}],"curies":[{"name":"wp","href":"https:\/\/api.w.org\/{rel}","templated":true}]}}