{"id":2183,"date":"2023-12-30T01:40:39","date_gmt":"2023-12-30T01:40:39","guid":{"rendered":"https:\/\/augenpraxis-gifhorn.de\/?page_id=2183"},"modified":"2025-05-28T08:59:10","modified_gmt":"2025-05-28T08:59:10","slug":"herr-ahmed-ragheb","status":"publish","type":"page","link":"https:\/\/augenpraxis-gifhorn.de\/index.php\/herr-ahmed-ragheb\/","title":{"rendered":"Herr Ahmed Ragheb"},"content":{"rendered":"\t\t<div data-elementor-type=\"wp-page\" data-elementor-id=\"2183\" class=\"elementor elementor-2183\" data-elementor-post-type=\"page\">\n\t\t\t\t<div class=\"elementor-element elementor-element-19f7ac91 e-flex e-con-boxed e-con e-parent\" data-id=\"19f7ac91\" data-element_type=\"container\" data-e-type=\"container\">\n\t\t\t\t\t<div class=\"e-con-inner\">\n\t\t<div class=\"elementor-element elementor-element-5c70205e e-con-full animated-slow e-flex elementor-invisible e-con e-child\" data-id=\"5c70205e\" data-element_type=\"container\" data-e-type=\"container\" data-settings=\"{&quot;animation&quot;:&quot;bounceInLeft&quot;}\">\n\t\t\t\t<div class=\"elementor-element elementor-element-744382c7 elementor-widget elementor-widget-heading\" data-id=\"744382c7\" data-element_type=\"widget\" data-e-type=\"widget\" data-widget_type=\"heading.default\">\n\t\t\t\t<div class=\"elementor-widget-container\">\n\t\t\t\t\t<h2 class=\"elementor-heading-title elementor-size-default\">Herr Ahmed Ragheb<\/h2>\t\t\t\t<\/div>\n\t\t\t\t<\/div>\n\t\t\t\t<\/div>\n\t\t<div class=\"elementor-element elementor-element-157ba887 e-con-full animated-slow e-flex elementor-invisible e-con e-child\" data-id=\"157ba887\" data-element_type=\"container\" data-e-type=\"container\" data-settings=\"{&quot;animation&quot;:&quot;bounceInRight&quot;}\">\n\t\t\t\t<div class=\"elementor-element elementor-element-2b1f2bce elementor-widget elementor-widget-image\" data-id=\"2b1f2bce\" data-element_type=\"widget\" data-e-type=\"widget\" data-widget_type=\"image.default\">\n\t\t\t\t<div class=\"elementor-widget-container\">\n\t\t\t\t\t\t\t\t\t\t\t\t\t\t\t<img decoding=\"async\" width=\"300\" height=\"60\" src=\"https:\/\/augenpraxis-gifhorn.de\/wp-content\/uploads\/2023\/12\/part-logo-ohne-bac-300x60.png\" class=\"attachment-medium size-medium wp-image-677\" alt=\"\" srcset=\"https:\/\/augenpraxis-gifhorn.de\/wp-content\/uploads\/2023\/12\/part-logo-ohne-bac-300x60.png 300w, https:\/\/augenpraxis-gifhorn.de\/wp-content\/uploads\/2023\/12\/part-logo-ohne-bac-1024x205.png 1024w, https:\/\/augenpraxis-gifhorn.de\/wp-content\/uploads\/2023\/12\/part-logo-ohne-bac-768x154.png 768w, https:\/\/augenpraxis-gifhorn.de\/wp-content\/uploads\/2023\/12\/part-logo-ohne-bac-1536x307.png 1536w, https:\/\/augenpraxis-gifhorn.de\/wp-content\/uploads\/2023\/12\/part-logo-ohne-bac.png 2000w\" sizes=\"(max-width: 300px) 100vw, 300px\" \/>\t\t\t\t\t\t\t\t\t\t\t\t\t\t\t<\/div>\n\t\t\t\t<\/div>\n\t\t\t\t<\/div>\n\t\t<div class=\"elementor-element elementor-element-1555f969 e-con-full animated-slow e-flex elementor-invisible e-con e-child\" data-id=\"1555f969\" data-element_type=\"container\" data-e-type=\"container\" data-settings=\"{&quot;animation&quot;:&quot;slideInLeft&quot;}\">\n\t\t\t\t<div class=\"elementor-element elementor-element-6d8254cf elementor-widget elementor-widget-html\" data-id=\"6d8254cf\" data-element_type=\"widget\" data-e-type=\"widget\" data-widget_type=\"html.default\">\n\t\t\t\t<div class=\"elementor-widget-container\">\n\t\t\t\t\t<!DOCTYPE html>\r\n<html lang=\"de\">\r\n\r\n<head>\r\n    <meta charset=\"UTF-8\">\r\n    <meta name=\"viewport\" content=\"width=device-width, initial-scale=1.0\">\r\n    <title>Assistenzarzt f\u00fcr Augenheilkunde<\/title>\r\n    <style>\r\n        body {\r\n            font-family: Arial, sans-serif;\r\n            color: #235A61;\r\n        }\r\n\r\n        h2 {\r\n            font-size: 20px;\r\n        }\r\n\r\n        p {\r\n            font-size: 16px;\r\n        }\r\n    <\/style>\r\n<\/head>\r\n\r\n<body>\r\n\r\n    <h2>Assistenzarzt f\u00fcr Augenheilkunde<\/h2>\r\n\r\n    <p><\/li><strong>Berufserfahrung:<\/strong><\/li><\/p>\r\n    <ul>\r\n        \r\n        <li>Seit 2025  Assistenzarzt f\u00fcr Augenheilkunde in Augen\u00e4rzte M\u00fchlenquartier<\/li>\r\n        <li>2021-2024  Assistenzarzt f\u00fcr Augenheilkunde im MVZ f\u00fcr Augenheilkunde Dr. Goldammer \/ Boehme<\/li>\r\n        \r\n        <li>2017-2019  Assistenzarzt in der Klinik f\u00fcr Psychiatrie und Psychotherapie des Sankt Antonius<\/li>\r\n        <li>2016-2017 Assistenzarzt bei der Neurologische Abteilung, EVK Gelsenkirchen<\/li>\r\n        <li>2014-2015 Allgemeinarzt im Auftrag des \u00e4gyptischen Gesundheitsministeriums<\/li>\r\n    <\/ul>\r\n\r\n    <br><p><strong>Berufliche Weiterbildung:<\/strong><\/p>\r\n    <ul>\r\n        \r\n    \r\n        <li>2021 Deutsche Approbation als Arzt<\/li>\r\n    <\/ul>\r\n    \r\n\r\n    <br><p><strong>Schulische Ausbildung und Studium:<\/strong><\/p>\r\n    <ul>\r\n        <li>2013-2014 Klinisches Praktischesjahr an der Medizinischen Fakult\u00e4t der Univ. Kairo, \u00c4gypten<\/li>\r\n        <li>2006-2013 Grund und Hauptstudium der Humanmedizin an der Kairo Universit\u00e4t, Medizinische Fakult\u00e4t ( Kasr Alainy ), \u00c4gypten<\/li>\r\n        <li>2006 Abitur, Mokattam Gymnasium, \u00c4gypten <\/li>\r\n    <\/ul>\r\n\r\n<\/body>\r\n\r\n<\/html>\r\n\t\t\t\t<\/div>\n\t\t\t\t<\/div>\n\t\t\t\t<\/div>\n\t\t<div class=\"elementor-element elementor-element-6d8f7f47 e-con-full e-flex elementor-invisible e-con e-child\" data-id=\"6d8f7f47\" data-element_type=\"container\" data-e-type=\"container\" data-settings=\"{&quot;animation&quot;:&quot;bounceInRight&quot;}\">\n\t\t\t\t<div class=\"elementor-element elementor-element-e4ee250 elementor-widget elementor-widget-image\" data-id=\"e4ee250\" data-element_type=\"widget\" data-e-type=\"widget\" data-widget_type=\"image.default\">\n\t\t\t\t<div class=\"elementor-widget-container\">\n\t\t\t\t\t\t\t\t\t\t\t\t\t\t\t<img fetchpriority=\"high\" decoding=\"async\" width=\"225\" height=\"300\" src=\"https:\/\/augenpraxis-gifhorn.de\/wp-content\/uploads\/2025\/05\/Herr-Ahmed-Ragheb-225x300.jpg\" class=\"attachment-medium size-medium wp-image-4916\" alt=\"\" srcset=\"https:\/\/augenpraxis-gifhorn.de\/wp-content\/uploads\/2025\/05\/Herr-Ahmed-Ragheb-225x300.jpg 225w, https:\/\/augenpraxis-gifhorn.de\/wp-content\/uploads\/2025\/05\/Herr-Ahmed-Ragheb-768x1024.jpg 768w, https:\/\/augenpraxis-gifhorn.de\/wp-content\/uploads\/2025\/05\/Herr-Ahmed-Ragheb.jpg 1080w\" sizes=\"(max-width: 225px) 100vw, 225px\" \/>\t\t\t\t\t\t\t\t\t\t\t\t\t\t\t<\/div>\n\t\t\t\t<\/div>\n\t\t\t\t<\/div>\n\t\t\t\t\t<\/div>\n\t\t\t\t<\/div>\n\t\t<div class=\"elementor-element elementor-element-cbf8638 e-flex e-con-boxed e-con e-parent\" data-id=\"cbf8638\" data-element_type=\"container\" data-e-type=\"container\">\n\t\t\t\t\t<div class=\"e-con-inner\">\n\t\t<div class=\"elementor-element elementor-element-3ddd1ad e-con-full e-flex e-con e-child\" data-id=\"3ddd1ad\" data-element_type=\"container\" data-e-type=\"container\">\n\t\t\t\t<div class=\"elementor-element elementor-element-3d5a199 elementor-align-justify animated-fast elementor-widget__width-initial elementor-invisible elementor-widget elementor-widget-button\" data-id=\"3d5a199\" data-element_type=\"widget\" data-e-type=\"widget\" data-settings=\"{&quot;_animation&quot;:&quot;zoomInDown&quot;}\" data-widget_type=\"button.default\">\n\t\t\t\t<div class=\"elementor-widget-container\">\n\t\t\t\t\t\t\t\t\t<div class=\"elementor-button-wrapper\">\n\t\t\t\t\t<a class=\"elementor-button elementor-button-link elementor-size-sm\" href=\"https:\/\/augenpraxis-gifhorn.de\/index.php\/team\/\">\n\t\t\t\t\t\t<span class=\"elementor-button-content-wrapper\">\n\t\t\t\t\t\t\t\t\t<span class=\"elementor-button-text\">Zur\u00fcck zum Team<\/span>\n\t\t\t\t\t<\/span>\n\t\t\t\t\t<\/a>\n\t\t\t\t<\/div>\n\t\t\t\t\t\t\t\t<\/div>\n\t\t\t\t<\/div>\n\t\t\t\t<\/div>\n\t\t<div class=\"elementor-element elementor-element-b548af6 e-con-full e-flex elementor-invisible e-con e-child\" data-id=\"b548af6\" data-element_type=\"container\" data-e-type=\"container\" data-settings=\"{&quot;animation&quot;:&quot;zoomInDown&quot;}\">\n\t\t\t\t<div class=\"elementor-element elementor-element-46b4cb0 elementor-widget__width-initial elementor-widget elementor-widget-html\" data-id=\"46b4cb0\" data-element_type=\"widget\" data-e-type=\"widget\" data-widget_type=\"html.default\">\n\t\t\t\t<div class=\"elementor-widget-container\">\n\t\t\t\t\t<a href=\"https:\/\/www.doctolib.de\/praxis\/gifhorn\/augenaerzte-muehlenquartier?utm_campaign=website-button&amp;utm_source=augenaerzte-muehlenquartier-website-button&amp;utm_medium=referral&amp;utm_content=option-8&amp;utm_term=augenaerzte-muehlenquartier\" style=\"display: inline-block; text-align: center; background-color: #0596DE; color: #ffffff; font-size: 14px; width: 100%; max-width: 550px; height: 40px; border-radius: 30px; margin: 0 auto; line-height: 40px; text-decoration: none;\" target=\"_blank\" rel=\"noopener noreferrer\">\r\n    <span style=\"font-size: 14px;\">Termin online buchen<\/span>\r\n    <img decoding=\"async\" style=\"display: inline-block; height: 15px; margin-bottom: 3px; vertical-align: middle; width: auto;\" src=\"https:\/\/www.doctolib.de\/external_button\/doctolib-white-transparent.png\" alt=\"Doctolib\">\r\n<\/a>\r\n\t\t\t\t<\/div>\n\t\t\t\t<\/div>\n\t\t\t\t<\/div>\n\t\t\t\t\t<\/div>\n\t\t\t\t<\/div>\n\t\t\t\t<\/div>\n\t\t","protected":false},"excerpt":{"rendered":"<p>Herr Ahmed Ragheb Assistenzarzt f\u00fcr Augenheilkunde Assistenzarzt f\u00fcr Augenheilkunde Berufserfahrung: Seit 2025 Assistenzarzt f\u00fcr Augenheilkunde in Augen\u00e4rzte M\u00fchlenquartier 2021-2024 Assistenzarzt f\u00fcr Augenheilkunde im MVZ f\u00fcr Augenheilkunde Dr. Goldammer \/ Boehme 2017-2019 Assistenzarzt in der Klinik f\u00fcr Psychiatrie und Psychotherapie des Sankt Antonius 2016-2017 Assistenzarzt bei der Neurologische Abteilung, EVK Gelsenkirchen 2014-2015 Allgemeinarzt im Auftrag des [&hellip;]<\/p>\n","protected":false},"author":1,"featured_media":0,"parent":0,"menu_order":0,"comment_status":"closed","ping_status":"closed","template":"elementor_header_footer","meta":{"footnotes":""},"class_list":["post-2183","page","type-page","status-publish","hentry"],"yoast_head":"<!-- This site is optimized with the Yoast SEO plugin v26.9 - https:\/\/yoast.com\/product\/yoast-seo-wordpress\/ -->\n<title>Herr Ahmed Ragheb | Augenarztpraxis, Ambulante Augen-Op<\/title>\n<meta name=\"description\" content=\"Die Augen\u00e4rzte M\u00fchlenquartier in Gifhorn hei\u00dfen Sie herzlich willkommen! Unsere moderne Augenarztpraxis bietet ein hochqualifiziertes Team, das mit modernster medizinischer Technik ausgestattet ist. Wir verwenden innovative Diagnostik- und Behandlungsmethoden, um Ihren Arztbesuch zu einem Wohlf\u00fchlerlebnis zu machen. Besuchen Sie uns im M\u00fchlenquartier Gifhorn und buchen Sie Ihren Termin online. Wir bieten ein komfortables Gesamtpaket an medizinischen Behandlungen f\u00fcr Ihre Augengesundheit\" \/>\n<meta name=\"robots\" content=\"index, follow, max-snippet:-1, max-image-preview:large, max-video-preview:-1\" \/>\n<link rel=\"canonical\" href=\"https:\/\/augenpraxis-gifhorn.de\/index.php\/herr-ahmed-ragheb\/\" \/>\n<meta property=\"og:locale\" content=\"de_DE\" \/>\n<meta property=\"og:type\" content=\"article\" \/>\n<meta property=\"og:title\" content=\"Herr Ahmed Ragheb | Augenarztpraxis, Ambulante Augen-Op\" \/>\n<meta property=\"og:description\" content=\"Die Augen\u00e4rzte M\u00fchlenquartier in Gifhorn hei\u00dfen Sie herzlich willkommen! Unsere moderne Augenarztpraxis bietet ein hochqualifiziertes Team, das mit modernster medizinischer Technik ausgestattet ist. Wir verwenden innovative Diagnostik- und Behandlungsmethoden, um Ihren Arztbesuch zu einem Wohlf\u00fchlerlebnis zu machen. Besuchen Sie uns im M\u00fchlenquartier Gifhorn und buchen Sie Ihren Termin online. Wir bieten ein komfortables Gesamtpaket an medizinischen Behandlungen f\u00fcr Ihre Augengesundheit\" \/>\n<meta property=\"og:url\" content=\"https:\/\/augenpraxis-gifhorn.de\/index.php\/herr-ahmed-ragheb\/\" \/>\n<meta property=\"og:site_name\" content=\"Augen\u00e4rzte M\u00fchlenquartier Gifhorn\" \/>\n<meta property=\"article:publisher\" content=\"https:\/\/www.facebook.com\/profile.php?id=61555730376764\" \/>\n<meta property=\"article:modified_time\" content=\"2025-05-28T08:59:10+00:00\" \/>\n<meta property=\"og:image\" content=\"https:\/\/augenpraxis-gifhorn.de\/wp-content\/uploads\/2023\/12\/part-logo-ohne-bac.png\" \/>\n\t<meta property=\"og:image:width\" content=\"2000\" \/>\n\t<meta property=\"og:image:height\" content=\"400\" \/>\n\t<meta property=\"og:image:type\" content=\"image\/png\" \/>\n<meta name=\"twitter:card\" content=\"summary_large_image\" \/>\n<meta name=\"twitter:label1\" content=\"Gesch\u00e4tzte Lesezeit\" \/>\n\t<meta name=\"twitter:data1\" content=\"2\u00a0Minuten\" \/>\n<script type=\"application\/ld+json\" class=\"yoast-schema-graph\">{\"@context\":\"https:\/\/schema.org\",\"@graph\":[{\"@type\":\"WebPage\",\"@id\":\"https:\/\/augenpraxis-gifhorn.de\/index.php\/herr-ahmed-ragheb\/\",\"url\":\"https:\/\/augenpraxis-gifhorn.de\/index.php\/herr-ahmed-ragheb\/\",\"name\":\"Herr Ahmed Ragheb | Augenarztpraxis, Ambulante Augen-Op\",\"isPartOf\":{\"@id\":\"https:\/\/augenpraxis-gifhorn.de\/#website\"},\"primaryImageOfPage\":{\"@id\":\"https:\/\/augenpraxis-gifhorn.de\/index.php\/herr-ahmed-ragheb\/#primaryimage\"},\"image\":{\"@id\":\"https:\/\/augenpraxis-gifhorn.de\/index.php\/herr-ahmed-ragheb\/#primaryimage\"},\"thumbnailUrl\":\"https:\/\/augenpraxis-gifhorn.de\/wp-content\/uploads\/2023\/12\/part-logo-ohne-bac-300x60.png\",\"datePublished\":\"2023-12-30T01:40:39+00:00\",\"dateModified\":\"2025-05-28T08:59:10+00:00\",\"description\":\"Die Augen\u00e4rzte M\u00fchlenquartier in Gifhorn hei\u00dfen Sie herzlich willkommen! Unsere moderne Augenarztpraxis bietet ein hochqualifiziertes Team, das mit modernster medizinischer Technik ausgestattet ist. Wir verwenden innovative Diagnostik- und Behandlungsmethoden, um Ihren Arztbesuch zu einem Wohlf\u00fchlerlebnis zu machen. Besuchen Sie uns im M\u00fchlenquartier Gifhorn und buchen Sie Ihren Termin online. Wir bieten ein komfortables Gesamtpaket an medizinischen Behandlungen f\u00fcr Ihre Augengesundheit\",\"breadcrumb\":{\"@id\":\"https:\/\/augenpraxis-gifhorn.de\/index.php\/herr-ahmed-ragheb\/#breadcrumb\"},\"inLanguage\":\"de\",\"potentialAction\":[{\"@type\":\"ReadAction\",\"target\":[\"https:\/\/augenpraxis-gifhorn.de\/index.php\/herr-ahmed-ragheb\/\"]}]},{\"@type\":\"ImageObject\",\"inLanguage\":\"de\",\"@id\":\"https:\/\/augenpraxis-gifhorn.de\/index.php\/herr-ahmed-ragheb\/#primaryimage\",\"url\":\"https:\/\/augenpraxis-gifhorn.de\/wp-content\/uploads\/2023\/12\/part-logo-ohne-bac.png\",\"contentUrl\":\"https:\/\/augenpraxis-gifhorn.de\/wp-content\/uploads\/2023\/12\/part-logo-ohne-bac.png\",\"width\":2000,\"height\":400},{\"@type\":\"BreadcrumbList\",\"@id\":\"https:\/\/augenpraxis-gifhorn.de\/index.php\/herr-ahmed-ragheb\/#breadcrumb\",\"itemListElement\":[{\"@type\":\"ListItem\",\"position\":1,\"name\":\"Startseite\",\"item\":\"https:\/\/augenpraxis-gifhorn.de\/\"},{\"@type\":\"ListItem\",\"position\":2,\"name\":\"Herr Ahmed Ragheb\"}]},{\"@type\":\"WebSite\",\"@id\":\"https:\/\/augenpraxis-gifhorn.de\/#website\",\"url\":\"https:\/\/augenpraxis-gifhorn.de\/\",\"name\":\"Augen\u00e4rzte M\u00fchlenquartier\",\"description\":\"Augenarztpraxis, Ambulante Augen-Op\",\"publisher\":{\"@id\":\"https:\/\/augenpraxis-gifhorn.de\/#organization\"},\"potentialAction\":[{\"@type\":\"SearchAction\",\"target\":{\"@type\":\"EntryPoint\",\"urlTemplate\":\"https:\/\/augenpraxis-gifhorn.de\/?s={search_term_string}\"},\"query-input\":{\"@type\":\"PropertyValueSpecification\",\"valueRequired\":true,\"valueName\":\"search_term_string\"}}],\"inLanguage\":\"de\"},{\"@type\":\"Organization\",\"@id\":\"https:\/\/augenpraxis-gifhorn.de\/#organization\",\"name\":\"Augen\u00e4rzte M\u00fchlenquartier Gifhorn\",\"url\":\"https:\/\/augenpraxis-gifhorn.de\/\",\"logo\":{\"@type\":\"ImageObject\",\"inLanguage\":\"de\",\"@id\":\"https:\/\/augenpraxis-gifhorn.de\/#\/schema\/logo\/image\/\",\"url\":\"http:\/\/augenpraxis-gifhorn.de\/wp-content\/uploads\/2023\/12\/cropped-Logo_Augenaerzte_Muehlenquartier-Kopie.png\",\"contentUrl\":\"http:\/\/augenpraxis-gifhorn.de\/wp-content\/uploads\/2023\/12\/cropped-Logo_Augenaerzte_Muehlenquartier-Kopie.png\",\"width\":512,\"height\":512,\"caption\":\"Augen\u00e4rzte M\u00fchlenquartier Gifhorn\"},\"image\":{\"@id\":\"https:\/\/augenpraxis-gifhorn.de\/#\/schema\/logo\/image\/\"},\"sameAs\":[\"https:\/\/www.facebook.com\/profile.php?id=61555730376764\",\"https:\/\/www.instagram.com\/augenaerzte_muehlenquartier\/\"]}]}<\/script>\n<!-- \/ Yoast SEO plugin. -->","yoast_head_json":{"title":"Herr Ahmed Ragheb | Augenarztpraxis, Ambulante Augen-Op","description":"Die Augen\u00e4rzte M\u00fchlenquartier in Gifhorn hei\u00dfen Sie herzlich willkommen! Unsere moderne Augenarztpraxis bietet ein hochqualifiziertes Team, das mit modernster medizinischer Technik ausgestattet ist. Wir verwenden innovative Diagnostik- und Behandlungsmethoden, um Ihren Arztbesuch zu einem Wohlf\u00fchlerlebnis zu machen. Besuchen Sie uns im M\u00fchlenquartier Gifhorn und buchen Sie Ihren Termin online. Wir bieten ein komfortables Gesamtpaket an medizinischen Behandlungen f\u00fcr Ihre Augengesundheit","robots":{"index":"index","follow":"follow","max-snippet":"max-snippet:-1","max-image-preview":"max-image-preview:large","max-video-preview":"max-video-preview:-1"},"canonical":"https:\/\/augenpraxis-gifhorn.de\/index.php\/herr-ahmed-ragheb\/","og_locale":"de_DE","og_type":"article","og_title":"Herr Ahmed Ragheb | Augenarztpraxis, Ambulante Augen-Op","og_description":"Die Augen\u00e4rzte M\u00fchlenquartier in Gifhorn hei\u00dfen Sie herzlich willkommen! Unsere moderne Augenarztpraxis bietet ein hochqualifiziertes Team, das mit modernster medizinischer Technik ausgestattet ist. Wir verwenden innovative Diagnostik- und Behandlungsmethoden, um Ihren Arztbesuch zu einem Wohlf\u00fchlerlebnis zu machen. Besuchen Sie uns im M\u00fchlenquartier Gifhorn und buchen Sie Ihren Termin online. Wir bieten ein komfortables Gesamtpaket an medizinischen Behandlungen f\u00fcr Ihre Augengesundheit","og_url":"https:\/\/augenpraxis-gifhorn.de\/index.php\/herr-ahmed-ragheb\/","og_site_name":"Augen\u00e4rzte M\u00fchlenquartier Gifhorn","article_publisher":"https:\/\/www.facebook.com\/profile.php?id=61555730376764","article_modified_time":"2025-05-28T08:59:10+00:00","og_image":[{"width":2000,"height":400,"url":"https:\/\/augenpraxis-gifhorn.de\/wp-content\/uploads\/2023\/12\/part-logo-ohne-bac.png","type":"image\/png"}],"twitter_card":"summary_large_image","twitter_misc":{"Gesch\u00e4tzte Lesezeit":"2\u00a0Minuten"},"schema":{"@context":"https:\/\/schema.org","@graph":[{"@type":"WebPage","@id":"https:\/\/augenpraxis-gifhorn.de\/index.php\/herr-ahmed-ragheb\/","url":"https:\/\/augenpraxis-gifhorn.de\/index.php\/herr-ahmed-ragheb\/","name":"Herr Ahmed Ragheb | Augenarztpraxis, Ambulante Augen-Op","isPartOf":{"@id":"https:\/\/augenpraxis-gifhorn.de\/#website"},"primaryImageOfPage":{"@id":"https:\/\/augenpraxis-gifhorn.de\/index.php\/herr-ahmed-ragheb\/#primaryimage"},"image":{"@id":"https:\/\/augenpraxis-gifhorn.de\/index.php\/herr-ahmed-ragheb\/#primaryimage"},"thumbnailUrl":"https:\/\/augenpraxis-gifhorn.de\/wp-content\/uploads\/2023\/12\/part-logo-ohne-bac-300x60.png","datePublished":"2023-12-30T01:40:39+00:00","dateModified":"2025-05-28T08:59:10+00:00","description":"Die Augen\u00e4rzte M\u00fchlenquartier in Gifhorn hei\u00dfen Sie herzlich willkommen! Unsere moderne Augenarztpraxis bietet ein hochqualifiziertes Team, das mit modernster medizinischer Technik ausgestattet ist. Wir verwenden innovative Diagnostik- und Behandlungsmethoden, um Ihren Arztbesuch zu einem Wohlf\u00fchlerlebnis zu machen. Besuchen Sie uns im M\u00fchlenquartier Gifhorn und buchen Sie Ihren Termin online. Wir bieten ein komfortables Gesamtpaket an medizinischen Behandlungen f\u00fcr Ihre Augengesundheit","breadcrumb":{"@id":"https:\/\/augenpraxis-gifhorn.de\/index.php\/herr-ahmed-ragheb\/#breadcrumb"},"inLanguage":"de","potentialAction":[{"@type":"ReadAction","target":["https:\/\/augenpraxis-gifhorn.de\/index.php\/herr-ahmed-ragheb\/"]}]},{"@type":"ImageObject","inLanguage":"de","@id":"https:\/\/augenpraxis-gifhorn.de\/index.php\/herr-ahmed-ragheb\/#primaryimage","url":"https:\/\/augenpraxis-gifhorn.de\/wp-content\/uploads\/2023\/12\/part-logo-ohne-bac.png","contentUrl":"https:\/\/augenpraxis-gifhorn.de\/wp-content\/uploads\/2023\/12\/part-logo-ohne-bac.png","width":2000,"height":400},{"@type":"BreadcrumbList","@id":"https:\/\/augenpraxis-gifhorn.de\/index.php\/herr-ahmed-ragheb\/#breadcrumb","itemListElement":[{"@type":"ListItem","position":1,"name":"Startseite","item":"https:\/\/augenpraxis-gifhorn.de\/"},{"@type":"ListItem","position":2,"name":"Herr Ahmed Ragheb"}]},{"@type":"WebSite","@id":"https:\/\/augenpraxis-gifhorn.de\/#website","url":"https:\/\/augenpraxis-gifhorn.de\/","name":"Augen\u00e4rzte M\u00fchlenquartier","description":"Augenarztpraxis, Ambulante Augen-Op","publisher":{"@id":"https:\/\/augenpraxis-gifhorn.de\/#organization"},"potentialAction":[{"@type":"SearchAction","target":{"@type":"EntryPoint","urlTemplate":"https:\/\/augenpraxis-gifhorn.de\/?s={search_term_string}"},"query-input":{"@type":"PropertyValueSpecification","valueRequired":true,"valueName":"search_term_string"}}],"inLanguage":"de"},{"@type":"Organization","@id":"https:\/\/augenpraxis-gifhorn.de\/#organization","name":"Augen\u00e4rzte M\u00fchlenquartier Gifhorn","url":"https:\/\/augenpraxis-gifhorn.de\/","logo":{"@type":"ImageObject","inLanguage":"de","@id":"https:\/\/augenpraxis-gifhorn.de\/#\/schema\/logo\/image\/","url":"http:\/\/augenpraxis-gifhorn.de\/wp-content\/uploads\/2023\/12\/cropped-Logo_Augenaerzte_Muehlenquartier-Kopie.png","contentUrl":"http:\/\/augenpraxis-gifhorn.de\/wp-content\/uploads\/2023\/12\/cropped-Logo_Augenaerzte_Muehlenquartier-Kopie.png","width":512,"height":512,"caption":"Augen\u00e4rzte M\u00fchlenquartier Gifhorn"},"image":{"@id":"https:\/\/augenpraxis-gifhorn.de\/#\/schema\/logo\/image\/"},"sameAs":["https:\/\/www.facebook.com\/profile.php?id=61555730376764","https:\/\/www.instagram.com\/augenaerzte_muehlenquartier\/"]}]}},"_links":{"self":[{"href":"https:\/\/augenpraxis-gifhorn.de\/index.php\/wp-json\/wp\/v2\/pages\/2183","targetHints":{"allow":["GET"]}}],"collection":[{"href":"https:\/\/augenpraxis-gifhorn.de\/index.php\/wp-json\/wp\/v2\/pages"}],"about":[{"href":"https:\/\/augenpraxis-gifhorn.de\/index.php\/wp-json\/wp\/v2\/types\/page"}],"author":[{"embeddable":true,"href":"https:\/\/augenpraxis-gifhorn.de\/index.php\/wp-json\/wp\/v2\/users\/1"}],"replies":[{"embeddable":true,"href":"https:\/\/augenpraxis-gifhorn.de\/index.php\/wp-json\/wp\/v2\/comments?post=2183"}],"version-history":[{"count":50,"href":"https:\/\/augenpraxis-gifhorn.de\/index.php\/wp-json\/wp\/v2\/pages\/2183\/revisions"}],"predecessor-version":[{"id":5013,"href":"https:\/\/augenpraxis-gifhorn.de\/index.php\/wp-json\/wp\/v2\/pages\/2183\/revisions\/5013"}],"wp:attachment":[{"href":"https:\/\/augenpraxis-gifhorn.de\/index.php\/wp-json\/wp\/v2\/media?parent=2183"}],"curies":[{"name":"wp","href":"https:\/\/api.w.org\/{rel}","templated":true}]}}