{"id":3279,"date":"2024-01-04T20:37:30","date_gmt":"2024-01-04T20:37:30","guid":{"rendered":"https:\/\/augenpraxis-gifhorn.de\/?page_id=3279"},"modified":"2024-01-28T12:33:01","modified_gmt":"2024-01-28T12:33:01","slug":"frau-hala-mohamed-febo","status":"publish","type":"page","link":"https:\/\/augenpraxis-gifhorn.de\/index.php\/frau-hala-mohamed-febo\/","title":{"rendered":"Frau Hala Mohamed, FEBO"},"content":{"rendered":"\t\t<div data-elementor-type=\"wp-page\" data-elementor-id=\"3279\" class=\"elementor elementor-3279\" data-elementor-post-type=\"page\">\n\t\t\t\t<div class=\"elementor-element elementor-element-1e1be4f1 e-flex e-con-boxed e-con e-parent\" data-id=\"1e1be4f1\" data-element_type=\"container\" data-e-type=\"container\">\n\t\t\t\t\t<div class=\"e-con-inner\">\n\t\t<div class=\"elementor-element elementor-element-77fb4267 e-con-full e-flex elementor-invisible e-con e-child\" data-id=\"77fb4267\" data-element_type=\"container\" data-e-type=\"container\" data-settings=\"{&quot;animation&quot;:&quot;bounceInLeft&quot;}\">\n\t\t\t\t<div class=\"elementor-element elementor-element-133701e2 elementor-widget elementor-widget-heading\" data-id=\"133701e2\" data-element_type=\"widget\" data-e-type=\"widget\" data-widget_type=\"heading.default\">\n\t\t\t\t<div class=\"elementor-widget-container\">\n\t\t\t\t\t<h2 class=\"elementor-heading-title elementor-size-default\">Frau Hala Mohamed, FEBO<\/h2>\t\t\t\t<\/div>\n\t\t\t\t<\/div>\n\t\t\t\t<\/div>\n\t\t<div class=\"elementor-element elementor-element-58efe43b e-con-full e-flex elementor-invisible e-con e-child\" data-id=\"58efe43b\" data-element_type=\"container\" data-e-type=\"container\" data-settings=\"{&quot;animation&quot;:&quot;bounceInRight&quot;}\">\n\t\t\t\t<div class=\"elementor-element elementor-element-69b41fbc elementor-widget elementor-widget-image\" data-id=\"69b41fbc\" data-element_type=\"widget\" data-e-type=\"widget\" data-widget_type=\"image.default\">\n\t\t\t\t<div class=\"elementor-widget-container\">\n\t\t\t\t\t\t\t\t\t\t\t\t\t\t\t<img decoding=\"async\" width=\"300\" height=\"60\" src=\"https:\/\/augenpraxis-gifhorn.de\/wp-content\/uploads\/2023\/12\/part-logo-ohne-bac-300x60.png\" class=\"attachment-medium size-medium wp-image-677\" alt=\"\" srcset=\"https:\/\/augenpraxis-gifhorn.de\/wp-content\/uploads\/2023\/12\/part-logo-ohne-bac-300x60.png 300w, https:\/\/augenpraxis-gifhorn.de\/wp-content\/uploads\/2023\/12\/part-logo-ohne-bac-1024x205.png 1024w, https:\/\/augenpraxis-gifhorn.de\/wp-content\/uploads\/2023\/12\/part-logo-ohne-bac-768x154.png 768w, https:\/\/augenpraxis-gifhorn.de\/wp-content\/uploads\/2023\/12\/part-logo-ohne-bac-1536x307.png 1536w, https:\/\/augenpraxis-gifhorn.de\/wp-content\/uploads\/2023\/12\/part-logo-ohne-bac.png 2000w\" sizes=\"(max-width: 300px) 100vw, 300px\" \/>\t\t\t\t\t\t\t\t\t\t\t\t\t\t\t<\/div>\n\t\t\t\t<\/div>\n\t\t\t\t<\/div>\n\t\t<div class=\"elementor-element elementor-element-321ba6f4 e-con-full e-flex elementor-invisible e-con e-child\" data-id=\"321ba6f4\" data-element_type=\"container\" data-e-type=\"container\" data-settings=\"{&quot;animation&quot;:&quot;zoomInRight&quot;}\">\n\t\t\t\t<div class=\"elementor-element elementor-element-a8f3d2b elementor-widget elementor-widget-text-editor\" data-id=\"a8f3d2b\" data-element_type=\"widget\" data-e-type=\"widget\" data-widget_type=\"text-editor.default\">\n\t\t\t\t<div class=\"elementor-widget-container\">\n\t\t\t\t\t\t\t\t\t<p>Fach\u00e4rztin f\u00fcr Augenheilkunde<\/p><p><strong>Berufserfahrung<\/strong><\/p><ul><li>Seit 2023: Einstieg in das Team Augen\u00e4rzte im M\u00fchlenquartier, Gifhorn<\/li><li>2017-2023: Fach\u00e4rztin f\u00fcr Augenheilkunde, AugenZentrum, Wolfsburg<\/li><li>2017: Assistenz\u00e4rztin f\u00fcr Augenheilkunde AugenZentrum, Wolfsburg<\/li><li>2015-2016: Assistenz\u00e4rztin f\u00fcr Augenheilkunde Augenpraxis Iserlohn<\/li><li>2013-2015: Assistenz\u00e4rztin f\u00fcr Augenheilkunde Universit\u00e4tsmedizin G\u00f6ttingen<\/li><li>2007-2012: Assistenz\u00e4rztin f\u00fcr Augenheilkunde Augenklinik Universit\u00e4tsspital Tripolis<\/li><\/ul><p><strong>Berufliche Weiterbildung<\/strong><\/p><ul><li>2021: FEBO Fellowship of the European Board of Ophthalmology<\/li><li>2017: Fach\u00e4rztin f\u00fcr Augenheilkunde in Deutschland<\/li><li>2013: Deutsche Approbation als \u00c4rztin<\/li><li>2010: Pr\u00fcfung in Klinische Wissenschaften in Augenheilkunde, Internationaler Rat der Augenheilkunde (ICO), Hauptsitz: London, England<\/li><li>2006: Libysche Approbation als \u00c4rztin<\/li><\/ul><p><strong>Ausbildung und Studium<\/strong><\/p><ul><li>2006-2007: Praktikum an Lehrkrankenh\u00e4usern in Tripolis, Alzawia<\/li><li>2006: M.B.B.ch (Bakkalaureus der Medizin und Chirurgie)<\/li><li>1999-2006: Medizinstudium, Die Medizinische Fakult\u00e4t an der Universit\u00e4t Al Zawia, Libyen<\/li><\/ul>\t\t\t\t\t\t\t\t<\/div>\n\t\t\t\t<\/div>\n\t\t\t\t<\/div>\n\t\t<div class=\"elementor-element elementor-element-b10599e e-con-full e-flex elementor-invisible e-con e-child\" data-id=\"b10599e\" data-element_type=\"container\" data-e-type=\"container\" data-settings=\"{&quot;animation&quot;:&quot;slideInRight&quot;}\">\n\t\t\t\t<div class=\"elementor-element elementor-element-281d95b6 elementor-widget elementor-widget-image\" data-id=\"281d95b6\" data-element_type=\"widget\" data-e-type=\"widget\" data-widget_type=\"image.default\">\n\t\t\t\t<div class=\"elementor-widget-container\">\n\t\t\t\t\t\t\t\t\t\t\t\t\t\t\t<img fetchpriority=\"high\" decoding=\"async\" width=\"225\" height=\"300\" src=\"https:\/\/augenpraxis-gifhorn.de\/wp-content\/uploads\/2023\/12\/22-225x300.jpg\" class=\"attachment-medium size-medium wp-image-828\" alt=\"\" srcset=\"https:\/\/augenpraxis-gifhorn.de\/wp-content\/uploads\/2023\/12\/22-225x300.jpg 225w, https:\/\/augenpraxis-gifhorn.de\/wp-content\/uploads\/2023\/12\/22.jpg 540w\" sizes=\"(max-width: 225px) 100vw, 225px\" \/>\t\t\t\t\t\t\t\t\t\t\t\t\t\t\t<\/div>\n\t\t\t\t<\/div>\n\t\t\t\t<\/div>\n\t\t\t\t\t<\/div>\n\t\t\t\t<\/div>\n\t\t<div class=\"elementor-element elementor-element-7a1a37e e-flex e-con-boxed e-con e-parent\" data-id=\"7a1a37e\" data-element_type=\"container\" data-e-type=\"container\">\n\t\t\t\t\t<div class=\"e-con-inner\">\n\t\t<div class=\"elementor-element elementor-element-4d21b44 e-con-full e-flex e-con e-child\" data-id=\"4d21b44\" data-element_type=\"container\" data-e-type=\"container\">\n\t\t\t\t<div class=\"elementor-element elementor-element-3407780 elementor-align-justify animated-fast elementor-widget__width-initial elementor-invisible elementor-widget elementor-widget-button\" data-id=\"3407780\" data-element_type=\"widget\" data-e-type=\"widget\" data-settings=\"{&quot;_animation&quot;:&quot;zoomInDown&quot;}\" data-widget_type=\"button.default\">\n\t\t\t\t<div class=\"elementor-widget-container\">\n\t\t\t\t\t\t\t\t\t<div class=\"elementor-button-wrapper\">\n\t\t\t\t\t<a class=\"elementor-button elementor-button-link elementor-size-sm\" href=\"https:\/\/augenpraxis-gifhorn.de\/index.php\/team\/\">\n\t\t\t\t\t\t<span class=\"elementor-button-content-wrapper\">\n\t\t\t\t\t\t\t\t\t<span class=\"elementor-button-text\">Zur\u00fcck zum Team<\/span>\n\t\t\t\t\t<\/span>\n\t\t\t\t\t<\/a>\n\t\t\t\t<\/div>\n\t\t\t\t\t\t\t\t<\/div>\n\t\t\t\t<\/div>\n\t\t\t\t<\/div>\n\t\t<div class=\"elementor-element elementor-element-28eee0a e-con-full e-flex elementor-invisible e-con e-child\" data-id=\"28eee0a\" data-element_type=\"container\" data-e-type=\"container\" data-settings=\"{&quot;animation&quot;:&quot;zoomInDown&quot;}\">\n\t\t\t\t<div class=\"elementor-element elementor-element-835345f elementor-widget__width-initial elementor-widget elementor-widget-html\" data-id=\"835345f\" data-element_type=\"widget\" data-e-type=\"widget\" data-widget_type=\"html.default\">\n\t\t\t\t<div class=\"elementor-widget-container\">\n\t\t\t\t\t<a href=\"https:\/\/www.doctolib.de\/praxis\/gifhorn\/augenaerzte-muehlenquartier?utm_campaign=website-button&amp;utm_source=augenaerzte-muehlenquartier-website-button&amp;utm_medium=referral&amp;utm_content=option-8&amp;utm_term=augenaerzte-muehlenquartier\" style=\"display: inline-block; text-align: center; background-color: #0596DE; color: #ffffff; font-size: 14px; width: 100%; max-width: 550px; height: 40px; border-radius: 30px; margin: 0 auto; line-height: 40px; text-decoration: none;\" target=\"_blank\" rel=\"noopener noreferrer\">\r\n    <span style=\"font-size: 14px;\">Termin online buchen<\/span>\r\n    <img decoding=\"async\" style=\"display: inline-block; height: 15px; margin-bottom: 3px; vertical-align: middle; width: auto;\" src=\"https:\/\/www.doctolib.de\/external_button\/doctolib-white-transparent.png\" alt=\"Doctolib\">\r\n<\/a>\r\n\t\t\t\t<\/div>\n\t\t\t\t<\/div>\n\t\t\t\t<\/div>\n\t\t\t\t\t<\/div>\n\t\t\t\t<\/div>\n\t\t\t\t<\/div>\n\t\t","protected":false},"excerpt":{"rendered":"<p>Frau Hala Mohamed, FEBO Fach\u00e4rztin f\u00fcr Augenheilkunde Berufserfahrung Seit 2023: Einstieg in das Team Augen\u00e4rzte im M\u00fchlenquartier, Gifhorn 2017-2023: Fach\u00e4rztin f\u00fcr Augenheilkunde, AugenZentrum, Wolfsburg 2017: Assistenz\u00e4rztin f\u00fcr Augenheilkunde AugenZentrum, Wolfsburg 2015-2016: Assistenz\u00e4rztin f\u00fcr Augenheilkunde Augenpraxis Iserlohn 2013-2015: Assistenz\u00e4rztin f\u00fcr Augenheilkunde Universit\u00e4tsmedizin G\u00f6ttingen 2007-2012: Assistenz\u00e4rztin f\u00fcr Augenheilkunde Augenklinik Universit\u00e4tsspital Tripolis Berufliche Weiterbildung 2021: FEBO Fellowship of [&hellip;]<\/p>\n","protected":false},"author":1,"featured_media":0,"parent":0,"menu_order":0,"comment_status":"closed","ping_status":"closed","template":"elementor_header_footer","meta":{"footnotes":""},"class_list":["post-3279","page","type-page","status-publish","hentry"],"yoast_head":"<!-- This site is optimized with the Yoast SEO plugin v26.9 - https:\/\/yoast.com\/product\/yoast-seo-wordpress\/ -->\n<title>Frau Hala Mohamed, FEBO | Augenarztpraxis, Ambulante Augen-Op<\/title>\n<meta name=\"description\" content=\"Die Augen\u00e4rzte M\u00fchlenquartier in Gifhorn hei\u00dfen Sie herzlich willkommen! Unsere moderne Augenarztpraxis bietet ein hochqualifiziertes Team, das mit modernster medizinischer Technik ausgestattet ist. Wir verwenden innovative Diagnostik- und Behandlungsmethoden, um Ihren Arztbesuch zu einem Wohlf\u00fchlerlebnis zu machen. Besuchen Sie uns im M\u00fchlenquartier Gifhorn und buchen Sie Ihren Termin online. Wir bieten ein komfortables Gesamtpaket an medizinischen Behandlungen f\u00fcr Ihre Augengesundheit\" \/>\n<meta name=\"robots\" content=\"index, follow, max-snippet:-1, max-image-preview:large, max-video-preview:-1\" \/>\n<link rel=\"canonical\" href=\"https:\/\/augenpraxis-gifhorn.de\/index.php\/frau-hala-mohamed-febo\/\" \/>\n<meta property=\"og:locale\" content=\"de_DE\" \/>\n<meta property=\"og:type\" content=\"article\" \/>\n<meta property=\"og:title\" content=\"Frau Hala Mohamed, FEBO | Augenarztpraxis, Ambulante Augen-Op\" \/>\n<meta property=\"og:description\" content=\"Die Augen\u00e4rzte M\u00fchlenquartier in Gifhorn hei\u00dfen Sie herzlich willkommen! Unsere moderne Augenarztpraxis bietet ein hochqualifiziertes Team, das mit modernster medizinischer Technik ausgestattet ist. Wir verwenden innovative Diagnostik- und Behandlungsmethoden, um Ihren Arztbesuch zu einem Wohlf\u00fchlerlebnis zu machen. Besuchen Sie uns im M\u00fchlenquartier Gifhorn und buchen Sie Ihren Termin online. Wir bieten ein komfortables Gesamtpaket an medizinischen Behandlungen f\u00fcr Ihre Augengesundheit\" \/>\n<meta property=\"og:url\" content=\"https:\/\/augenpraxis-gifhorn.de\/index.php\/frau-hala-mohamed-febo\/\" \/>\n<meta property=\"og:site_name\" content=\"Augen\u00e4rzte M\u00fchlenquartier Gifhorn\" \/>\n<meta property=\"article:publisher\" content=\"https:\/\/www.facebook.com\/profile.php?id=61555730376764\" \/>\n<meta property=\"article:modified_time\" content=\"2024-01-28T12:33:01+00:00\" \/>\n<meta property=\"og:image\" content=\"http:\/\/augenpraxis-gifhorn.de\/wp-content\/uploads\/2023\/12\/part-logo-ohne-bac-300x60.png\" \/>\n<meta name=\"twitter:card\" content=\"summary_large_image\" \/>\n<meta name=\"twitter:label1\" content=\"Gesch\u00e4tzte Lesezeit\" \/>\n\t<meta name=\"twitter:data1\" content=\"1\u00a0Minute\" \/>\n<script type=\"application\/ld+json\" class=\"yoast-schema-graph\">{\"@context\":\"https:\/\/schema.org\",\"@graph\":[{\"@type\":\"WebPage\",\"@id\":\"https:\/\/augenpraxis-gifhorn.de\/index.php\/frau-hala-mohamed-febo\/\",\"url\":\"https:\/\/augenpraxis-gifhorn.de\/index.php\/frau-hala-mohamed-febo\/\",\"name\":\"Frau Hala Mohamed, FEBO | Augenarztpraxis, Ambulante Augen-Op\",\"isPartOf\":{\"@id\":\"https:\/\/augenpraxis-gifhorn.de\/#website\"},\"primaryImageOfPage\":{\"@id\":\"https:\/\/augenpraxis-gifhorn.de\/index.php\/frau-hala-mohamed-febo\/#primaryimage\"},\"image\":{\"@id\":\"https:\/\/augenpraxis-gifhorn.de\/index.php\/frau-hala-mohamed-febo\/#primaryimage\"},\"thumbnailUrl\":\"http:\/\/augenpraxis-gifhorn.de\/wp-content\/uploads\/2023\/12\/part-logo-ohne-bac-300x60.png\",\"datePublished\":\"2024-01-04T20:37:30+00:00\",\"dateModified\":\"2024-01-28T12:33:01+00:00\",\"description\":\"Die Augen\u00e4rzte M\u00fchlenquartier in Gifhorn hei\u00dfen Sie herzlich willkommen! Unsere moderne Augenarztpraxis bietet ein hochqualifiziertes Team, das mit modernster medizinischer Technik ausgestattet ist. Wir verwenden innovative Diagnostik- und Behandlungsmethoden, um Ihren Arztbesuch zu einem Wohlf\u00fchlerlebnis zu machen. Besuchen Sie uns im M\u00fchlenquartier Gifhorn und buchen Sie Ihren Termin online. Wir bieten ein komfortables Gesamtpaket an medizinischen Behandlungen f\u00fcr Ihre Augengesundheit\",\"breadcrumb\":{\"@id\":\"https:\/\/augenpraxis-gifhorn.de\/index.php\/frau-hala-mohamed-febo\/#breadcrumb\"},\"inLanguage\":\"de\",\"potentialAction\":[{\"@type\":\"ReadAction\",\"target\":[\"https:\/\/augenpraxis-gifhorn.de\/index.php\/frau-hala-mohamed-febo\/\"]}]},{\"@type\":\"ImageObject\",\"inLanguage\":\"de\",\"@id\":\"https:\/\/augenpraxis-gifhorn.de\/index.php\/frau-hala-mohamed-febo\/#primaryimage\",\"url\":\"http:\/\/augenpraxis-gifhorn.de\/wp-content\/uploads\/2023\/12\/part-logo-ohne-bac-300x60.png\",\"contentUrl\":\"http:\/\/augenpraxis-gifhorn.de\/wp-content\/uploads\/2023\/12\/part-logo-ohne-bac-300x60.png\"},{\"@type\":\"BreadcrumbList\",\"@id\":\"https:\/\/augenpraxis-gifhorn.de\/index.php\/frau-hala-mohamed-febo\/#breadcrumb\",\"itemListElement\":[{\"@type\":\"ListItem\",\"position\":1,\"name\":\"Startseite\",\"item\":\"https:\/\/augenpraxis-gifhorn.de\/\"},{\"@type\":\"ListItem\",\"position\":2,\"name\":\"Frau Hala Mohamed, FEBO\"}]},{\"@type\":\"WebSite\",\"@id\":\"https:\/\/augenpraxis-gifhorn.de\/#website\",\"url\":\"https:\/\/augenpraxis-gifhorn.de\/\",\"name\":\"Augen\u00e4rzte M\u00fchlenquartier\",\"description\":\"Augenarztpraxis, Ambulante Augen-Op\",\"publisher\":{\"@id\":\"https:\/\/augenpraxis-gifhorn.de\/#organization\"},\"potentialAction\":[{\"@type\":\"SearchAction\",\"target\":{\"@type\":\"EntryPoint\",\"urlTemplate\":\"https:\/\/augenpraxis-gifhorn.de\/?s={search_term_string}\"},\"query-input\":{\"@type\":\"PropertyValueSpecification\",\"valueRequired\":true,\"valueName\":\"search_term_string\"}}],\"inLanguage\":\"de\"},{\"@type\":\"Organization\",\"@id\":\"https:\/\/augenpraxis-gifhorn.de\/#organization\",\"name\":\"Augen\u00e4rzte M\u00fchlenquartier Gifhorn\",\"url\":\"https:\/\/augenpraxis-gifhorn.de\/\",\"logo\":{\"@type\":\"ImageObject\",\"inLanguage\":\"de\",\"@id\":\"https:\/\/augenpraxis-gifhorn.de\/#\/schema\/logo\/image\/\",\"url\":\"http:\/\/augenpraxis-gifhorn.de\/wp-content\/uploads\/2023\/12\/cropped-Logo_Augenaerzte_Muehlenquartier-Kopie.png\",\"contentUrl\":\"http:\/\/augenpraxis-gifhorn.de\/wp-content\/uploads\/2023\/12\/cropped-Logo_Augenaerzte_Muehlenquartier-Kopie.png\",\"width\":512,\"height\":512,\"caption\":\"Augen\u00e4rzte M\u00fchlenquartier Gifhorn\"},\"image\":{\"@id\":\"https:\/\/augenpraxis-gifhorn.de\/#\/schema\/logo\/image\/\"},\"sameAs\":[\"https:\/\/www.facebook.com\/profile.php?id=61555730376764\",\"https:\/\/www.instagram.com\/augenaerzte_muehlenquartier\/\"]}]}<\/script>\n<!-- \/ Yoast SEO plugin. -->","yoast_head_json":{"title":"Frau Hala Mohamed, FEBO | Augenarztpraxis, Ambulante Augen-Op","description":"Die Augen\u00e4rzte M\u00fchlenquartier in Gifhorn hei\u00dfen Sie herzlich willkommen! Unsere moderne Augenarztpraxis bietet ein hochqualifiziertes Team, das mit modernster medizinischer Technik ausgestattet ist. Wir verwenden innovative Diagnostik- und Behandlungsmethoden, um Ihren Arztbesuch zu einem Wohlf\u00fchlerlebnis zu machen. Besuchen Sie uns im M\u00fchlenquartier Gifhorn und buchen Sie Ihren Termin online. Wir bieten ein komfortables Gesamtpaket an medizinischen Behandlungen f\u00fcr Ihre Augengesundheit","robots":{"index":"index","follow":"follow","max-snippet":"max-snippet:-1","max-image-preview":"max-image-preview:large","max-video-preview":"max-video-preview:-1"},"canonical":"https:\/\/augenpraxis-gifhorn.de\/index.php\/frau-hala-mohamed-febo\/","og_locale":"de_DE","og_type":"article","og_title":"Frau Hala Mohamed, FEBO | Augenarztpraxis, Ambulante Augen-Op","og_description":"Die Augen\u00e4rzte M\u00fchlenquartier in Gifhorn hei\u00dfen Sie herzlich willkommen! Unsere moderne Augenarztpraxis bietet ein hochqualifiziertes Team, das mit modernster medizinischer Technik ausgestattet ist. Wir verwenden innovative Diagnostik- und Behandlungsmethoden, um Ihren Arztbesuch zu einem Wohlf\u00fchlerlebnis zu machen. Besuchen Sie uns im M\u00fchlenquartier Gifhorn und buchen Sie Ihren Termin online. Wir bieten ein komfortables Gesamtpaket an medizinischen Behandlungen f\u00fcr Ihre Augengesundheit","og_url":"https:\/\/augenpraxis-gifhorn.de\/index.php\/frau-hala-mohamed-febo\/","og_site_name":"Augen\u00e4rzte M\u00fchlenquartier Gifhorn","article_publisher":"https:\/\/www.facebook.com\/profile.php?id=61555730376764","article_modified_time":"2024-01-28T12:33:01+00:00","og_image":[{"url":"http:\/\/augenpraxis-gifhorn.de\/wp-content\/uploads\/2023\/12\/part-logo-ohne-bac-300x60.png","type":"","width":"","height":""}],"twitter_card":"summary_large_image","twitter_misc":{"Gesch\u00e4tzte Lesezeit":"1\u00a0Minute"},"schema":{"@context":"https:\/\/schema.org","@graph":[{"@type":"WebPage","@id":"https:\/\/augenpraxis-gifhorn.de\/index.php\/frau-hala-mohamed-febo\/","url":"https:\/\/augenpraxis-gifhorn.de\/index.php\/frau-hala-mohamed-febo\/","name":"Frau Hala Mohamed, FEBO | Augenarztpraxis, Ambulante Augen-Op","isPartOf":{"@id":"https:\/\/augenpraxis-gifhorn.de\/#website"},"primaryImageOfPage":{"@id":"https:\/\/augenpraxis-gifhorn.de\/index.php\/frau-hala-mohamed-febo\/#primaryimage"},"image":{"@id":"https:\/\/augenpraxis-gifhorn.de\/index.php\/frau-hala-mohamed-febo\/#primaryimage"},"thumbnailUrl":"http:\/\/augenpraxis-gifhorn.de\/wp-content\/uploads\/2023\/12\/part-logo-ohne-bac-300x60.png","datePublished":"2024-01-04T20:37:30+00:00","dateModified":"2024-01-28T12:33:01+00:00","description":"Die Augen\u00e4rzte M\u00fchlenquartier in Gifhorn hei\u00dfen Sie herzlich willkommen! Unsere moderne Augenarztpraxis bietet ein hochqualifiziertes Team, das mit modernster medizinischer Technik ausgestattet ist. Wir verwenden innovative Diagnostik- und Behandlungsmethoden, um Ihren Arztbesuch zu einem Wohlf\u00fchlerlebnis zu machen. Besuchen Sie uns im M\u00fchlenquartier Gifhorn und buchen Sie Ihren Termin online. Wir bieten ein komfortables Gesamtpaket an medizinischen Behandlungen f\u00fcr Ihre Augengesundheit","breadcrumb":{"@id":"https:\/\/augenpraxis-gifhorn.de\/index.php\/frau-hala-mohamed-febo\/#breadcrumb"},"inLanguage":"de","potentialAction":[{"@type":"ReadAction","target":["https:\/\/augenpraxis-gifhorn.de\/index.php\/frau-hala-mohamed-febo\/"]}]},{"@type":"ImageObject","inLanguage":"de","@id":"https:\/\/augenpraxis-gifhorn.de\/index.php\/frau-hala-mohamed-febo\/#primaryimage","url":"http:\/\/augenpraxis-gifhorn.de\/wp-content\/uploads\/2023\/12\/part-logo-ohne-bac-300x60.png","contentUrl":"http:\/\/augenpraxis-gifhorn.de\/wp-content\/uploads\/2023\/12\/part-logo-ohne-bac-300x60.png"},{"@type":"BreadcrumbList","@id":"https:\/\/augenpraxis-gifhorn.de\/index.php\/frau-hala-mohamed-febo\/#breadcrumb","itemListElement":[{"@type":"ListItem","position":1,"name":"Startseite","item":"https:\/\/augenpraxis-gifhorn.de\/"},{"@type":"ListItem","position":2,"name":"Frau Hala Mohamed, FEBO"}]},{"@type":"WebSite","@id":"https:\/\/augenpraxis-gifhorn.de\/#website","url":"https:\/\/augenpraxis-gifhorn.de\/","name":"Augen\u00e4rzte M\u00fchlenquartier","description":"Augenarztpraxis, Ambulante Augen-Op","publisher":{"@id":"https:\/\/augenpraxis-gifhorn.de\/#organization"},"potentialAction":[{"@type":"SearchAction","target":{"@type":"EntryPoint","urlTemplate":"https:\/\/augenpraxis-gifhorn.de\/?s={search_term_string}"},"query-input":{"@type":"PropertyValueSpecification","valueRequired":true,"valueName":"search_term_string"}}],"inLanguage":"de"},{"@type":"Organization","@id":"https:\/\/augenpraxis-gifhorn.de\/#organization","name":"Augen\u00e4rzte M\u00fchlenquartier Gifhorn","url":"https:\/\/augenpraxis-gifhorn.de\/","logo":{"@type":"ImageObject","inLanguage":"de","@id":"https:\/\/augenpraxis-gifhorn.de\/#\/schema\/logo\/image\/","url":"http:\/\/augenpraxis-gifhorn.de\/wp-content\/uploads\/2023\/12\/cropped-Logo_Augenaerzte_Muehlenquartier-Kopie.png","contentUrl":"http:\/\/augenpraxis-gifhorn.de\/wp-content\/uploads\/2023\/12\/cropped-Logo_Augenaerzte_Muehlenquartier-Kopie.png","width":512,"height":512,"caption":"Augen\u00e4rzte M\u00fchlenquartier Gifhorn"},"image":{"@id":"https:\/\/augenpraxis-gifhorn.de\/#\/schema\/logo\/image\/"},"sameAs":["https:\/\/www.facebook.com\/profile.php?id=61555730376764","https:\/\/www.instagram.com\/augenaerzte_muehlenquartier\/"]}]}},"_links":{"self":[{"href":"https:\/\/augenpraxis-gifhorn.de\/index.php\/wp-json\/wp\/v2\/pages\/3279","targetHints":{"allow":["GET"]}}],"collection":[{"href":"https:\/\/augenpraxis-gifhorn.de\/index.php\/wp-json\/wp\/v2\/pages"}],"about":[{"href":"https:\/\/augenpraxis-gifhorn.de\/index.php\/wp-json\/wp\/v2\/types\/page"}],"author":[{"embeddable":true,"href":"https:\/\/augenpraxis-gifhorn.de\/index.php\/wp-json\/wp\/v2\/users\/1"}],"replies":[{"embeddable":true,"href":"https:\/\/augenpraxis-gifhorn.de\/index.php\/wp-json\/wp\/v2\/comments?post=3279"}],"version-history":[{"count":46,"href":"https:\/\/augenpraxis-gifhorn.de\/index.php\/wp-json\/wp\/v2\/pages\/3279\/revisions"}],"predecessor-version":[{"id":4289,"href":"https:\/\/augenpraxis-gifhorn.de\/index.php\/wp-json\/wp\/v2\/pages\/3279\/revisions\/4289"}],"wp:attachment":[{"href":"https:\/\/augenpraxis-gifhorn.de\/index.php\/wp-json\/wp\/v2\/media?parent=3279"}],"curies":[{"name":"wp","href":"https:\/\/api.w.org\/{rel}","templated":true}]}}