{"id":5109,"date":"2025-11-17T12:57:14","date_gmt":"2025-11-17T12:57:14","guid":{"rendered":"https:\/\/augenpraxis-gifhorn.de\/?page_id=5109"},"modified":"2025-11-17T12:58:30","modified_gmt":"2025-11-17T12:58:30","slug":"fuege-mich-als-kontakt-auf-whatsapp-hinzu","status":"publish","type":"page","link":"https:\/\/augenpraxis-gifhorn.de\/index.php\/fuege-mich-als-kontakt-auf-whatsapp-hinzu\/","title":{"rendered":"F\u00fcge mich als Kontakt auf WhatsApp hinzu."},"content":{"rendered":"\t\t<div data-elementor-type=\"wp-page\" data-elementor-id=\"5109\" class=\"elementor elementor-5109\" data-elementor-post-type=\"page\">\n\t\t\t\t<div class=\"elementor-element elementor-element-87c9424 e-flex e-con-boxed e-con e-parent\" data-id=\"87c9424\" data-element_type=\"container\" data-e-type=\"container\">\n\t\t\t\t\t<div class=\"e-con-inner\">\n\t\t\t\t<div class=\"elementor-element elementor-element-a6ecc4d elementor-widget elementor-widget-image\" data-id=\"a6ecc4d\" data-element_type=\"widget\" data-e-type=\"widget\" data-widget_type=\"image.default\">\n\t\t\t\t<div class=\"elementor-widget-container\">\n\t\t\t\t\t\t\t\t\t\t\t\t\t\t\t<img fetchpriority=\"high\" decoding=\"async\" width=\"169\" height=\"300\" src=\"https:\/\/augenpraxis-gifhorn.de\/wp-content\/uploads\/2025\/11\/WhatsApp-Image-2025-11-17-at-08.04.05_85b6ed99-1-169x300.jpg\" class=\"attachment-medium size-medium wp-image-5096\" alt=\"\" srcset=\"https:\/\/augenpraxis-gifhorn.de\/wp-content\/uploads\/2025\/11\/WhatsApp-Image-2025-11-17-at-08.04.05_85b6ed99-1-169x300.jpg 169w, https:\/\/augenpraxis-gifhorn.de\/wp-content\/uploads\/2025\/11\/WhatsApp-Image-2025-11-17-at-08.04.05_85b6ed99-1-576x1024.jpg 576w, https:\/\/augenpraxis-gifhorn.de\/wp-content\/uploads\/2025\/11\/WhatsApp-Image-2025-11-17-at-08.04.05_85b6ed99-1-768x1365.jpg 768w, https:\/\/augenpraxis-gifhorn.de\/wp-content\/uploads\/2025\/11\/WhatsApp-Image-2025-11-17-at-08.04.05_85b6ed99-1-864x1536.jpg 864w, https:\/\/augenpraxis-gifhorn.de\/wp-content\/uploads\/2025\/11\/WhatsApp-Image-2025-11-17-at-08.04.05_85b6ed99-1.jpg 900w\" sizes=\"(max-width: 169px) 100vw, 169px\" \/>\t\t\t\t\t\t\t\t\t\t\t\t\t\t\t<\/div>\n\t\t\t\t<\/div>\n\t\t\t\t\t<\/div>\n\t\t\t\t<\/div>\n\t\t\t\t<\/div>\n\t\t","protected":false},"excerpt":{"rendered":"","protected":false},"author":1,"featured_media":0,"parent":0,"menu_order":0,"comment_status":"closed","ping_status":"closed","template":"","meta":{"footnotes":""},"class_list":["post-5109","page","type-page","status-publish","hentry"],"yoast_head":"<!-- This site is optimized with the Yoast SEO plugin v26.9 - https:\/\/yoast.com\/product\/yoast-seo-wordpress\/ -->\n<title>F\u00fcge mich als Kontakt auf WhatsApp hinzu. | Augenarztpraxis, Ambulante Augen-Op<\/title>\n<meta name=\"description\" content=\"Die Augen\u00e4rzte M\u00fchlenquartier in Gifhorn hei\u00dfen Sie herzlich willkommen! Unsere moderne Augenarztpraxis bietet ein hochqualifiziertes Team, das mit modernster medizinischer Technik ausgestattet ist. Wir verwenden innovative Diagnostik- und Behandlungsmethoden, um Ihren Arztbesuch zu einem Wohlf\u00fchlerlebnis zu machen. Besuchen Sie uns im M\u00fchlenquartier Gifhorn und buchen Sie Ihren Termin online. Wir bieten ein komfortables Gesamtpaket an medizinischen Behandlungen f\u00fcr Ihre Augengesundheit\" \/>\n<meta name=\"robots\" content=\"index, follow, max-snippet:-1, max-image-preview:large, max-video-preview:-1\" \/>\n<link rel=\"canonical\" href=\"https:\/\/augenpraxis-gifhorn.de\/index.php\/fuege-mich-als-kontakt-auf-whatsapp-hinzu\/\" \/>\n<meta property=\"og:locale\" content=\"de_DE\" \/>\n<meta property=\"og:type\" content=\"article\" \/>\n<meta property=\"og:title\" content=\"F\u00fcge mich als Kontakt auf WhatsApp hinzu. | Augenarztpraxis, Ambulante Augen-Op\" \/>\n<meta property=\"og:description\" content=\"Die Augen\u00e4rzte M\u00fchlenquartier in Gifhorn hei\u00dfen Sie herzlich willkommen! Unsere moderne Augenarztpraxis bietet ein hochqualifiziertes Team, das mit modernster medizinischer Technik ausgestattet ist. Wir verwenden innovative Diagnostik- und Behandlungsmethoden, um Ihren Arztbesuch zu einem Wohlf\u00fchlerlebnis zu machen. Besuchen Sie uns im M\u00fchlenquartier Gifhorn und buchen Sie Ihren Termin online. Wir bieten ein komfortables Gesamtpaket an medizinischen Behandlungen f\u00fcr Ihre Augengesundheit\" \/>\n<meta property=\"og:url\" content=\"https:\/\/augenpraxis-gifhorn.de\/index.php\/fuege-mich-als-kontakt-auf-whatsapp-hinzu\/\" \/>\n<meta property=\"og:site_name\" content=\"Augen\u00e4rzte M\u00fchlenquartier Gifhorn\" \/>\n<meta property=\"article:publisher\" content=\"https:\/\/www.facebook.com\/profile.php?id=61555730376764\" \/>\n<meta property=\"article:modified_time\" content=\"2025-11-17T12:58:30+00:00\" \/>\n<meta property=\"og:image\" content=\"https:\/\/augenpraxis-gifhorn.de\/wp-content\/uploads\/2025\/11\/WhatsApp-Image-2025-11-17-at-08.04.05_85b6ed99-1.jpg\" \/>\n\t<meta property=\"og:image:width\" content=\"900\" \/>\n\t<meta property=\"og:image:height\" content=\"1600\" \/>\n\t<meta property=\"og:image:type\" content=\"image\/jpeg\" \/>\n<meta name=\"twitter:card\" content=\"summary_large_image\" \/>\n<meta name=\"twitter:label1\" content=\"Gesch\u00e4tzte Lesezeit\" \/>\n\t<meta name=\"twitter:data1\" content=\"1\u00a0Minute\" \/>\n<script type=\"application\/ld+json\" class=\"yoast-schema-graph\">{\"@context\":\"https:\/\/schema.org\",\"@graph\":[{\"@type\":\"WebPage\",\"@id\":\"https:\/\/augenpraxis-gifhorn.de\/index.php\/fuege-mich-als-kontakt-auf-whatsapp-hinzu\/\",\"url\":\"https:\/\/augenpraxis-gifhorn.de\/index.php\/fuege-mich-als-kontakt-auf-whatsapp-hinzu\/\",\"name\":\"F\u00fcge mich als Kontakt auf WhatsApp hinzu. | Augenarztpraxis, Ambulante Augen-Op\",\"isPartOf\":{\"@id\":\"https:\/\/augenpraxis-gifhorn.de\/#website\"},\"primaryImageOfPage\":{\"@id\":\"https:\/\/augenpraxis-gifhorn.de\/index.php\/fuege-mich-als-kontakt-auf-whatsapp-hinzu\/#primaryimage\"},\"image\":{\"@id\":\"https:\/\/augenpraxis-gifhorn.de\/index.php\/fuege-mich-als-kontakt-auf-whatsapp-hinzu\/#primaryimage\"},\"thumbnailUrl\":\"https:\/\/augenpraxis-gifhorn.de\/wp-content\/uploads\/2025\/11\/WhatsApp-Image-2025-11-17-at-08.04.05_85b6ed99-1-169x300.jpg\",\"datePublished\":\"2025-11-17T12:57:14+00:00\",\"dateModified\":\"2025-11-17T12:58:30+00:00\",\"description\":\"Die Augen\u00e4rzte M\u00fchlenquartier in Gifhorn hei\u00dfen Sie herzlich willkommen! Unsere moderne Augenarztpraxis bietet ein hochqualifiziertes Team, das mit modernster medizinischer Technik ausgestattet ist. Wir verwenden innovative Diagnostik- und Behandlungsmethoden, um Ihren Arztbesuch zu einem Wohlf\u00fchlerlebnis zu machen. Besuchen Sie uns im M\u00fchlenquartier Gifhorn und buchen Sie Ihren Termin online. Wir bieten ein komfortables Gesamtpaket an medizinischen Behandlungen f\u00fcr Ihre Augengesundheit\",\"breadcrumb\":{\"@id\":\"https:\/\/augenpraxis-gifhorn.de\/index.php\/fuege-mich-als-kontakt-auf-whatsapp-hinzu\/#breadcrumb\"},\"inLanguage\":\"de\",\"potentialAction\":[{\"@type\":\"ReadAction\",\"target\":[\"https:\/\/augenpraxis-gifhorn.de\/index.php\/fuege-mich-als-kontakt-auf-whatsapp-hinzu\/\"]}]},{\"@type\":\"ImageObject\",\"inLanguage\":\"de\",\"@id\":\"https:\/\/augenpraxis-gifhorn.de\/index.php\/fuege-mich-als-kontakt-auf-whatsapp-hinzu\/#primaryimage\",\"url\":\"https:\/\/augenpraxis-gifhorn.de\/wp-content\/uploads\/2025\/11\/WhatsApp-Image-2025-11-17-at-08.04.05_85b6ed99-1.jpg\",\"contentUrl\":\"https:\/\/augenpraxis-gifhorn.de\/wp-content\/uploads\/2025\/11\/WhatsApp-Image-2025-11-17-at-08.04.05_85b6ed99-1.jpg\",\"width\":900,\"height\":1600},{\"@type\":\"BreadcrumbList\",\"@id\":\"https:\/\/augenpraxis-gifhorn.de\/index.php\/fuege-mich-als-kontakt-auf-whatsapp-hinzu\/#breadcrumb\",\"itemListElement\":[{\"@type\":\"ListItem\",\"position\":1,\"name\":\"Startseite\",\"item\":\"https:\/\/augenpraxis-gifhorn.de\/\"},{\"@type\":\"ListItem\",\"position\":2,\"name\":\"F\u00fcge mich als Kontakt auf WhatsApp hinzu.\"}]},{\"@type\":\"WebSite\",\"@id\":\"https:\/\/augenpraxis-gifhorn.de\/#website\",\"url\":\"https:\/\/augenpraxis-gifhorn.de\/\",\"name\":\"Augen\u00e4rzte M\u00fchlenquartier\",\"description\":\"Augenarztpraxis, Ambulante Augen-Op\",\"publisher\":{\"@id\":\"https:\/\/augenpraxis-gifhorn.de\/#organization\"},\"potentialAction\":[{\"@type\":\"SearchAction\",\"target\":{\"@type\":\"EntryPoint\",\"urlTemplate\":\"https:\/\/augenpraxis-gifhorn.de\/?s={search_term_string}\"},\"query-input\":{\"@type\":\"PropertyValueSpecification\",\"valueRequired\":true,\"valueName\":\"search_term_string\"}}],\"inLanguage\":\"de\"},{\"@type\":\"Organization\",\"@id\":\"https:\/\/augenpraxis-gifhorn.de\/#organization\",\"name\":\"Augen\u00e4rzte M\u00fchlenquartier Gifhorn\",\"url\":\"https:\/\/augenpraxis-gifhorn.de\/\",\"logo\":{\"@type\":\"ImageObject\",\"inLanguage\":\"de\",\"@id\":\"https:\/\/augenpraxis-gifhorn.de\/#\/schema\/logo\/image\/\",\"url\":\"http:\/\/augenpraxis-gifhorn.de\/wp-content\/uploads\/2023\/12\/cropped-Logo_Augenaerzte_Muehlenquartier-Kopie.png\",\"contentUrl\":\"http:\/\/augenpraxis-gifhorn.de\/wp-content\/uploads\/2023\/12\/cropped-Logo_Augenaerzte_Muehlenquartier-Kopie.png\",\"width\":512,\"height\":512,\"caption\":\"Augen\u00e4rzte M\u00fchlenquartier Gifhorn\"},\"image\":{\"@id\":\"https:\/\/augenpraxis-gifhorn.de\/#\/schema\/logo\/image\/\"},\"sameAs\":[\"https:\/\/www.facebook.com\/profile.php?id=61555730376764\",\"https:\/\/www.instagram.com\/augenaerzte_muehlenquartier\/\"]}]}<\/script>\n<!-- \/ Yoast SEO plugin. -->","yoast_head_json":{"title":"F\u00fcge mich als Kontakt auf WhatsApp hinzu. | Augenarztpraxis, Ambulante Augen-Op","description":"Die Augen\u00e4rzte M\u00fchlenquartier in Gifhorn hei\u00dfen Sie herzlich willkommen! Unsere moderne Augenarztpraxis bietet ein hochqualifiziertes Team, das mit modernster medizinischer Technik ausgestattet ist. Wir verwenden innovative Diagnostik- und Behandlungsmethoden, um Ihren Arztbesuch zu einem Wohlf\u00fchlerlebnis zu machen. Besuchen Sie uns im M\u00fchlenquartier Gifhorn und buchen Sie Ihren Termin online. Wir bieten ein komfortables Gesamtpaket an medizinischen Behandlungen f\u00fcr Ihre Augengesundheit","robots":{"index":"index","follow":"follow","max-snippet":"max-snippet:-1","max-image-preview":"max-image-preview:large","max-video-preview":"max-video-preview:-1"},"canonical":"https:\/\/augenpraxis-gifhorn.de\/index.php\/fuege-mich-als-kontakt-auf-whatsapp-hinzu\/","og_locale":"de_DE","og_type":"article","og_title":"F\u00fcge mich als Kontakt auf WhatsApp hinzu. | Augenarztpraxis, Ambulante Augen-Op","og_description":"Die Augen\u00e4rzte M\u00fchlenquartier in Gifhorn hei\u00dfen Sie herzlich willkommen! Unsere moderne Augenarztpraxis bietet ein hochqualifiziertes Team, das mit modernster medizinischer Technik ausgestattet ist. Wir verwenden innovative Diagnostik- und Behandlungsmethoden, um Ihren Arztbesuch zu einem Wohlf\u00fchlerlebnis zu machen. Besuchen Sie uns im M\u00fchlenquartier Gifhorn und buchen Sie Ihren Termin online. Wir bieten ein komfortables Gesamtpaket an medizinischen Behandlungen f\u00fcr Ihre Augengesundheit","og_url":"https:\/\/augenpraxis-gifhorn.de\/index.php\/fuege-mich-als-kontakt-auf-whatsapp-hinzu\/","og_site_name":"Augen\u00e4rzte M\u00fchlenquartier Gifhorn","article_publisher":"https:\/\/www.facebook.com\/profile.php?id=61555730376764","article_modified_time":"2025-11-17T12:58:30+00:00","og_image":[{"width":900,"height":1600,"url":"https:\/\/augenpraxis-gifhorn.de\/wp-content\/uploads\/2025\/11\/WhatsApp-Image-2025-11-17-at-08.04.05_85b6ed99-1.jpg","type":"image\/jpeg"}],"twitter_card":"summary_large_image","twitter_misc":{"Gesch\u00e4tzte Lesezeit":"1\u00a0Minute"},"schema":{"@context":"https:\/\/schema.org","@graph":[{"@type":"WebPage","@id":"https:\/\/augenpraxis-gifhorn.de\/index.php\/fuege-mich-als-kontakt-auf-whatsapp-hinzu\/","url":"https:\/\/augenpraxis-gifhorn.de\/index.php\/fuege-mich-als-kontakt-auf-whatsapp-hinzu\/","name":"F\u00fcge mich als Kontakt auf WhatsApp hinzu. | Augenarztpraxis, Ambulante Augen-Op","isPartOf":{"@id":"https:\/\/augenpraxis-gifhorn.de\/#website"},"primaryImageOfPage":{"@id":"https:\/\/augenpraxis-gifhorn.de\/index.php\/fuege-mich-als-kontakt-auf-whatsapp-hinzu\/#primaryimage"},"image":{"@id":"https:\/\/augenpraxis-gifhorn.de\/index.php\/fuege-mich-als-kontakt-auf-whatsapp-hinzu\/#primaryimage"},"thumbnailUrl":"https:\/\/augenpraxis-gifhorn.de\/wp-content\/uploads\/2025\/11\/WhatsApp-Image-2025-11-17-at-08.04.05_85b6ed99-1-169x300.jpg","datePublished":"2025-11-17T12:57:14+00:00","dateModified":"2025-11-17T12:58:30+00:00","description":"Die Augen\u00e4rzte M\u00fchlenquartier in Gifhorn hei\u00dfen Sie herzlich willkommen! Unsere moderne Augenarztpraxis bietet ein hochqualifiziertes Team, das mit modernster medizinischer Technik ausgestattet ist. Wir verwenden innovative Diagnostik- und Behandlungsmethoden, um Ihren Arztbesuch zu einem Wohlf\u00fchlerlebnis zu machen. Besuchen Sie uns im M\u00fchlenquartier Gifhorn und buchen Sie Ihren Termin online. Wir bieten ein komfortables Gesamtpaket an medizinischen Behandlungen f\u00fcr Ihre Augengesundheit","breadcrumb":{"@id":"https:\/\/augenpraxis-gifhorn.de\/index.php\/fuege-mich-als-kontakt-auf-whatsapp-hinzu\/#breadcrumb"},"inLanguage":"de","potentialAction":[{"@type":"ReadAction","target":["https:\/\/augenpraxis-gifhorn.de\/index.php\/fuege-mich-als-kontakt-auf-whatsapp-hinzu\/"]}]},{"@type":"ImageObject","inLanguage":"de","@id":"https:\/\/augenpraxis-gifhorn.de\/index.php\/fuege-mich-als-kontakt-auf-whatsapp-hinzu\/#primaryimage","url":"https:\/\/augenpraxis-gifhorn.de\/wp-content\/uploads\/2025\/11\/WhatsApp-Image-2025-11-17-at-08.04.05_85b6ed99-1.jpg","contentUrl":"https:\/\/augenpraxis-gifhorn.de\/wp-content\/uploads\/2025\/11\/WhatsApp-Image-2025-11-17-at-08.04.05_85b6ed99-1.jpg","width":900,"height":1600},{"@type":"BreadcrumbList","@id":"https:\/\/augenpraxis-gifhorn.de\/index.php\/fuege-mich-als-kontakt-auf-whatsapp-hinzu\/#breadcrumb","itemListElement":[{"@type":"ListItem","position":1,"name":"Startseite","item":"https:\/\/augenpraxis-gifhorn.de\/"},{"@type":"ListItem","position":2,"name":"F\u00fcge mich als Kontakt auf WhatsApp hinzu."}]},{"@type":"WebSite","@id":"https:\/\/augenpraxis-gifhorn.de\/#website","url":"https:\/\/augenpraxis-gifhorn.de\/","name":"Augen\u00e4rzte M\u00fchlenquartier","description":"Augenarztpraxis, Ambulante Augen-Op","publisher":{"@id":"https:\/\/augenpraxis-gifhorn.de\/#organization"},"potentialAction":[{"@type":"SearchAction","target":{"@type":"EntryPoint","urlTemplate":"https:\/\/augenpraxis-gifhorn.de\/?s={search_term_string}"},"query-input":{"@type":"PropertyValueSpecification","valueRequired":true,"valueName":"search_term_string"}}],"inLanguage":"de"},{"@type":"Organization","@id":"https:\/\/augenpraxis-gifhorn.de\/#organization","name":"Augen\u00e4rzte M\u00fchlenquartier Gifhorn","url":"https:\/\/augenpraxis-gifhorn.de\/","logo":{"@type":"ImageObject","inLanguage":"de","@id":"https:\/\/augenpraxis-gifhorn.de\/#\/schema\/logo\/image\/","url":"http:\/\/augenpraxis-gifhorn.de\/wp-content\/uploads\/2023\/12\/cropped-Logo_Augenaerzte_Muehlenquartier-Kopie.png","contentUrl":"http:\/\/augenpraxis-gifhorn.de\/wp-content\/uploads\/2023\/12\/cropped-Logo_Augenaerzte_Muehlenquartier-Kopie.png","width":512,"height":512,"caption":"Augen\u00e4rzte M\u00fchlenquartier Gifhorn"},"image":{"@id":"https:\/\/augenpraxis-gifhorn.de\/#\/schema\/logo\/image\/"},"sameAs":["https:\/\/www.facebook.com\/profile.php?id=61555730376764","https:\/\/www.instagram.com\/augenaerzte_muehlenquartier\/"]}]}},"_links":{"self":[{"href":"https:\/\/augenpraxis-gifhorn.de\/index.php\/wp-json\/wp\/v2\/pages\/5109","targetHints":{"allow":["GET"]}}],"collection":[{"href":"https:\/\/augenpraxis-gifhorn.de\/index.php\/wp-json\/wp\/v2\/pages"}],"about":[{"href":"https:\/\/augenpraxis-gifhorn.de\/index.php\/wp-json\/wp\/v2\/types\/page"}],"author":[{"embeddable":true,"href":"https:\/\/augenpraxis-gifhorn.de\/index.php\/wp-json\/wp\/v2\/users\/1"}],"replies":[{"embeddable":true,"href":"https:\/\/augenpraxis-gifhorn.de\/index.php\/wp-json\/wp\/v2\/comments?post=5109"}],"version-history":[{"count":8,"href":"https:\/\/augenpraxis-gifhorn.de\/index.php\/wp-json\/wp\/v2\/pages\/5109\/revisions"}],"predecessor-version":[{"id":5117,"href":"https:\/\/augenpraxis-gifhorn.de\/index.php\/wp-json\/wp\/v2\/pages\/5109\/revisions\/5117"}],"wp:attachment":[{"href":"https:\/\/augenpraxis-gifhorn.de\/index.php\/wp-json\/wp\/v2\/media?parent=5109"}],"curies":[{"name":"wp","href":"https:\/\/api.w.org\/{rel}","templated":true}]}}