{"id":59,"date":"2023-12-01T23:22:04","date_gmt":"2023-12-01T23:22:04","guid":{"rendered":"https:\/\/augenpraxis-gifhorn.de\/?page_id=59"},"modified":"2024-01-20T22:11:42","modified_gmt":"2024-01-20T22:11:42","slug":"praxis","status":"publish","type":"page","link":"https:\/\/augenpraxis-gifhorn.de\/index.php\/praxis\/","title":{"rendered":"Praxis"},"content":{"rendered":"\t\t<div data-elementor-type=\"wp-page\" data-elementor-id=\"59\" class=\"elementor elementor-59\" data-elementor-post-type=\"page\">\n\t\t\t\t<div class=\"elementor-element elementor-element-c2decc4 e-flex e-con-boxed e-con e-parent\" data-id=\"c2decc4\" data-element_type=\"container\" data-e-type=\"container\">\n\t\t\t\t\t<div class=\"e-con-inner\">\n\t\t\t\t<div class=\"elementor-element elementor-element-91a89f1 elementor-widget elementor-widget-heading\" data-id=\"91a89f1\" data-element_type=\"widget\" data-e-type=\"widget\" data-widget_type=\"heading.default\">\n\t\t\t\t<div class=\"elementor-widget-container\">\n\t\t\t\t\t<h1 class=\"elementor-heading-title elementor-size-default\">Willkommen in unseren Praxisr\u00e4umen!<\/h1>\t\t\t\t<\/div>\n\t\t\t\t<\/div>\n\t\t\t\t<div class=\"elementor-element elementor-element-e432651 elementor-widget elementor-widget-heading\" data-id=\"e432651\" data-element_type=\"widget\" data-e-type=\"widget\" data-widget_type=\"heading.default\">\n\t\t\t\t<div class=\"elementor-widget-container\">\n\t\t\t\t\t<h2 class=\"elementor-heading-title elementor-size-default\">Barrierefrei &amp; bequem per Fahrstuhl erreichbar. <\/h2>\t\t\t\t<\/div>\n\t\t\t\t<\/div>\n\t\t\t\t\t<\/div>\n\t\t\t\t<\/div>\n\t\t<div class=\"elementor-element elementor-element-ffc372e e-flex e-con-boxed e-con e-parent\" data-id=\"ffc372e\" data-element_type=\"container\" data-e-type=\"container\">\n\t\t\t\t\t<div class=\"e-con-inner\">\n\t\t\t\t<div class=\"elementor-element elementor-element-e922091 elementor-skin-carousel elementor-arrows-yes elementor-pagination-type-bullets elementor-pagination-position-outside elementor-widget elementor-widget-media-carousel\" data-id=\"e922091\" data-element_type=\"widget\" data-e-type=\"widget\" data-settings=\"{&quot;effect&quot;:&quot;fade&quot;,&quot;skin&quot;:&quot;carousel&quot;,&quot;show_arrows&quot;:&quot;yes&quot;,&quot;pagination&quot;:&quot;bullets&quot;,&quot;speed&quot;:500,&quot;autoplay&quot;:&quot;yes&quot;,&quot;autoplay_speed&quot;:5000,&quot;loop&quot;:&quot;yes&quot;,&quot;pause_on_hover&quot;:&quot;yes&quot;,&quot;pause_on_interaction&quot;:&quot;yes&quot;,&quot;space_between&quot;:{&quot;unit&quot;:&quot;px&quot;,&quot;size&quot;:10,&quot;sizes&quot;:[]},&quot;space_between_tablet&quot;:{&quot;unit&quot;:&quot;px&quot;,&quot;size&quot;:10,&quot;sizes&quot;:[]},&quot;space_between_mobile&quot;:{&quot;unit&quot;:&quot;px&quot;,&quot;size&quot;:10,&quot;sizes&quot;:[]}}\" data-widget_type=\"media-carousel.default\">\n\t\t\t\t<div class=\"elementor-widget-container\">\n\t\t\t\t\t\t\t\t\t<div class=\"elementor-swiper\">\n\t\t\t\t\t<div class=\"elementor-main-swiper swiper\" role=\"region\" aria-roledescription=\"carousel\" aria-label=\"Slider\">\n\t\t\t\t<div class=\"swiper-wrapper\">\n\t\t\t\t\t\t\t\t\t\t\t<div class=\"swiper-slide\" role=\"group\" aria-roledescription=\"slide\">\n\t\t\t\t\t\t\t\t\t<div class=\"elementor-carousel-image\" role=\"img\" aria-label=\"Rezeption Augen\u00e4rzte M\u00fchlenquartier Gifhorn\" style=\"background-image: url(&#039;https:\/\/augenpraxis-gifhorn.de\/wp-content\/uploads\/2023\/12\/Praxis_Augenaerzte_Muehlenquartier-1.jpg&#039;)\">\n\n\t\t\t\n\t\t\t\t\t<\/div>\n\t\t\t\t\t\t\t\t<\/div>\n\t\t\t\t\t\t\t\t\t\t\t<div class=\"swiper-slide\" role=\"group\" aria-roledescription=\"slide\">\n\t\t\t\t\t\t\t\t\t<div class=\"elementor-carousel-image\" role=\"img\" aria-label=\"7pra\" style=\"background-image: url(&#039;https:\/\/augenpraxis-gifhorn.de\/wp-content\/uploads\/2023\/12\/7pra.jpg&#039;)\">\n\n\t\t\t\n\t\t\t\t\t<\/div>\n\t\t\t\t\t\t\t\t<\/div>\n\t\t\t\t\t\t\t\t\t\t\t<div class=\"swiper-slide\" role=\"group\" aria-roledescription=\"slide\">\n\t\t\t\t\t\t\t\t\t<div class=\"elementor-carousel-image\" role=\"img\" aria-label=\"Unserer Wartezimmer\" style=\"background-image: url(&#039;https:\/\/augenpraxis-gifhorn.de\/wp-content\/uploads\/2024\/01\/Unserer-Wartezimmer.jpg&#039;)\">\n\n\t\t\t\n\t\t\t\t\t<\/div>\n\t\t\t\t\t\t\t\t<\/div>\n\t\t\t\t\t\t\t\t\t\t\t<div class=\"swiper-slide\" role=\"group\" aria-roledescription=\"slide\">\n\t\t\t\t\t\t\t\t\t<div class=\"elementor-carousel-image\" role=\"img\" aria-label=\"Rezeption\" style=\"background-image: url(&#039;https:\/\/augenpraxis-gifhorn.de\/wp-content\/uploads\/2024\/01\/Unserer-Wartezimmer4.jpg&#039;)\">\n\n\t\t\t\n\t\t\t\t\t<\/div>\n\t\t\t\t\t\t\t\t<\/div>\n\t\t\t\t\t\t\t\t\t\t\t<div class=\"swiper-slide\" role=\"group\" aria-roledescription=\"slide\">\n\t\t\t\t\t\t\t\t\t<div class=\"elementor-carousel-image\" role=\"img\" aria-label=\"Unserer Wartezimmer\" style=\"background-image: url(&#039;https:\/\/augenpraxis-gifhorn.de\/wp-content\/uploads\/2024\/01\/Unserer-Wartezimmer3.jpg&#039;)\">\n\n\t\t\t\n\t\t\t\t\t<\/div>\n\t\t\t\t\t\t\t\t<\/div>\n\t\t\t\t\t\t\t\t\t\t\t<div class=\"swiper-slide\" role=\"group\" aria-roledescription=\"slide\">\n\t\t\t\t\t\t\t\t\t<div class=\"elementor-carousel-image\" role=\"img\" aria-label=\"210918_YAS_by_Kruszewski0099\" style=\"background-image: url(&#039;https:\/\/augenpraxis-gifhorn.de\/wp-content\/uploads\/2023\/12\/210918_YAS_by_Kruszewski0099.webp&#039;)\">\n\n\t\t\t\n\t\t\t\t\t<\/div>\n\t\t\t\t\t\t\t\t<\/div>\n\t\t\t\t\t\t\t\t\t\t\t<div class=\"swiper-slide\" role=\"group\" aria-roledescription=\"slide\">\n\t\t\t\t\t\t\t\t\t<div class=\"elementor-carousel-image\" role=\"img\" aria-label=\"Unserer Wartezimmer\" style=\"background-image: url(&#039;https:\/\/augenpraxis-gifhorn.de\/wp-content\/uploads\/2024\/01\/Unserer-Wartezimmer2.jpg&#039;)\">\n\n\t\t\t\n\t\t\t\t\t<\/div>\n\t\t\t\t\t\t\t\t<\/div>\n\t\t\t\t\t\t\t\t\t\t\t<div class=\"swiper-slide\" role=\"group\" aria-roledescription=\"slide\">\n\t\t\t\t\t\t\t\t\t<div class=\"elementor-carousel-image\" role=\"img\" aria-label=\"Der Durchgang\" style=\"background-image: url(&#039;https:\/\/augenpraxis-gifhorn.de\/wp-content\/uploads\/2024\/01\/9.jpg&#039;)\">\n\n\t\t\t\n\t\t\t\t\t<\/div>\n\t\t\t\t\t\t\t\t<\/div>\n\t\t\t\t\t\t\t\t\t\t\t<div class=\"swiper-slide\" role=\"group\" aria-roledescription=\"slide\">\n\t\t\t\t\t\t\t\t\t<div class=\"elementor-carousel-image\" role=\"img\" aria-label=\"Unserer Wartezimmer\" style=\"background-image: url(&#039;https:\/\/augenpraxis-gifhorn.de\/wp-content\/uploads\/2024\/01\/Unserer-Wartezimmer1.jpg&#039;)\">\n\n\t\t\t\n\t\t\t\t\t<\/div>\n\t\t\t\t\t\t\t\t<\/div>\n\t\t\t\t\t\t\t\t\t\t\t<div class=\"swiper-slide\" role=\"group\" aria-roledescription=\"slide\">\n\t\t\t\t\t\t\t\t\t<div class=\"elementor-carousel-image\" role=\"img\" aria-label=\"3pra\" style=\"background-image: url(&#039;https:\/\/augenpraxis-gifhorn.de\/wp-content\/uploads\/2023\/12\/3pra.jpg&#039;)\">\n\n\t\t\t\n\t\t\t\t\t<\/div>\n\t\t\t\t\t\t\t\t<\/div>\n\t\t\t\t\t\t\t\t\t<\/div>\n\t\t\t\t\t\t\t\t\t\t\t\t\t\t\t<div class=\"elementor-swiper-button elementor-swiper-button-prev\" role=\"button\" tabindex=\"0\" aria-label=\"Voriger\">\n\t\t\t\t\t\t\t<svg aria-hidden=\"true\" class=\"e-font-icon-svg e-eicon-chevron-left\" viewBox=\"0 0 1000 1000\" xmlns=\"http:\/\/www.w3.org\/2000\/svg\"><path d=\"M646 125C629 125 613 133 604 142L308 442C296 454 292 471 292 487 292 504 296 521 308 533L604 854C617 867 629 875 646 875 663 875 679 871 692 858 704 846 713 829 713 812 713 796 708 779 692 767L438 487 692 225C700 217 708 204 708 187 708 171 704 154 692 142 675 129 663 125 646 125Z\"><\/path><\/svg>\t\t\t\t\t\t<\/div>\n\t\t\t\t\t\t<div class=\"elementor-swiper-button elementor-swiper-button-next\" role=\"button\" tabindex=\"0\" aria-label=\"N\u00e4chster\">\n\t\t\t\t\t\t\t<svg aria-hidden=\"true\" class=\"e-font-icon-svg e-eicon-chevron-right\" viewBox=\"0 0 1000 1000\" xmlns=\"http:\/\/www.w3.org\/2000\/svg\"><path d=\"M696 533C708 521 713 504 713 487 713 471 708 454 696 446L400 146C388 133 375 125 354 125 338 125 325 129 313 142 300 154 292 171 292 187 292 204 296 221 308 233L563 492 304 771C292 783 288 800 288 817 288 833 296 850 308 863 321 871 338 875 354 875 371 875 388 867 400 854L696 533Z\"><\/path><\/svg>\t\t\t\t\t\t<\/div>\n\t\t\t\t\t\t\t\t\t\t\t\t\t\t\t\t<div class=\"swiper-pagination\"><\/div>\n\t\t\t\t\t\t\t\t\t\t\t\t<\/div>\n\t\t\t\t<\/div>\n\t\t\t\t\t\t\t\t<\/div>\n\t\t\t\t<\/div>\n\t\t\t\t\t<\/div>\n\t\t\t\t<\/div>\n\t\t<div class=\"elementor-element elementor-element-222c436 e-flex e-con-boxed e-con e-parent\" data-id=\"222c436\" data-element_type=\"container\" data-e-type=\"container\">\n\t\t\t\t\t<div class=\"e-con-inner\">\n\t\t\t\t<div class=\"elementor-element elementor-element-c123fc6 elementor-widget elementor-widget-video\" data-id=\"c123fc6\" data-element_type=\"widget\" data-e-type=\"widget\" data-settings=\"{&quot;youtube_url&quot;:&quot;https:\\\/\\\/youtu.be\\\/MpgWjVYT4HY&quot;,&quot;video_type&quot;:&quot;youtube&quot;,&quot;controls&quot;:&quot;yes&quot;}\" data-widget_type=\"video.default\">\n\t\t\t\t<div class=\"elementor-widget-container\">\n\t\t\t\t\t\t\t<div class=\"elementor-wrapper elementor-open-inline\">\n\t\t\t<div class=\"elementor-video\"><\/div>\t\t<\/div>\n\t\t\t\t\t\t<\/div>\n\t\t\t\t<\/div>\n\t\t\t\t\t<\/div>\n\t\t\t\t<\/div>\n\t\t<div class=\"elementor-element elementor-element-7b5e984 e-flex e-con-boxed e-con e-parent\" data-id=\"7b5e984\" data-element_type=\"container\" data-e-type=\"container\">\n\t\t\t\t\t<div class=\"e-con-inner\">\n\t\t<div class=\"elementor-element elementor-element-1cb9d06 e-con-full e-flex e-con e-child\" data-id=\"1cb9d06\" data-element_type=\"container\" data-e-type=\"container\">\n\t\t\t\t<div class=\"elementor-element elementor-element-47f31ce elementor-button-info elementor-align-justify elementor-hidden-tablet elementor-hidden-mobile elementor-widget__width-initial elementor-invisible elementor-widget elementor-widget-button\" data-id=\"47f31ce\" data-element_type=\"widget\" data-e-type=\"widget\" data-settings=\"{&quot;_animation&quot;:&quot;zoomInDown&quot;}\" data-widget_type=\"button.default\">\n\t\t\t\t<div class=\"elementor-widget-container\">\n\t\t\t\t\t\t\t\t\t<div class=\"elementor-button-wrapper\">\n\t\t\t\t\t<a class=\"elementor-button elementor-button-link elementor-size-sm\" href=\"https:\/\/www.google.com\/maps\/place\/Augen%C3%A4rzte+M%C3%BChlenquartier+Dres.+Ghribi,+Alsamman\/@52.4894477,10.5443625,3a,75y,340h,90t\/data=!3m8!1e1!3m6!1sAF1QipN_82h20xoIdtjl7Zg2bDwOtlb4RKQFmwn2kpM9!2e10!3e11!6shttps:%2F%2Flh5.googleusercontent.com%2Fp%2FAF1QipN_82h20xoIdtjl7Zg2bDwOtlb4RKQFmwn2kpM9%3Dw203-h100-k-no-pi-0-ya87.88516-ro-0-fo100!7i11998!8i5999!4m9!3m8!1s0x47afef2cc8a19f41:0xd0ef7548ed7217a7!8m2!3d52.4894751!4d10.5442159!10e5!14m1!1BCgIgARICCAI!16s%2Fg%2F11p0h59fxy?entry=ttu\">\n\t\t\t\t\t\t<span class=\"elementor-button-content-wrapper\">\n\t\t\t\t\t\t\t\t\t<span class=\"elementor-button-text\">Virtueller Besuch erstes Geschoss<\/span>\n\t\t\t\t\t<\/span>\n\t\t\t\t\t<\/a>\n\t\t\t\t<\/div>\n\t\t\t\t\t\t\t\t<\/div>\n\t\t\t\t<\/div>\n\t\t\t\t<\/div>\n\t\t<div class=\"elementor-element elementor-element-780fae3 e-con-full e-flex e-con e-child\" data-id=\"780fae3\" data-element_type=\"container\" data-e-type=\"container\">\n\t\t\t\t<div class=\"elementor-element elementor-element-cb6d43d elementor-widget__width-initial elementor-invisible elementor-widget elementor-widget-html\" data-id=\"cb6d43d\" data-element_type=\"widget\" data-e-type=\"widget\" data-settings=\"{&quot;_animation&quot;:&quot;zoomInDown&quot;}\" data-widget_type=\"html.default\">\n\t\t\t\t<div class=\"elementor-widget-container\">\n\t\t\t\t\t<a href=\"https:\/\/www.doctolib.de\/praxis\/gifhorn\/augenaerzte-muehlenquartier?utm_campaign=website-button&amp;utm_source=augenaerzte-muehlenquartier-website-button&amp;utm_medium=referral&amp;utm_content=option-8&amp;utm_term=augenaerzte-muehlenquartier\" style=\"display:block;text-align:center;background-color:#0596DE;color:#ffffff;font-size:14px;overflow:hidden;width:280px;height:50px;border-radius:30px 30px 30px 30px;position:absolute;top:0;left:50%;transform:translateX(-50%);z-index:10;line-height:50px;text-decoration:none;\" target=\"_blank\" rel=\"noopener noreferrer\" data-reactroot=\"\">\r\n    <span style=\"font-size:14px\">Termin online buchen<\/span>\r\n    <img decoding=\"async\" style=\"display:inline-block;height:15px;margin-bottom:3px;vertical-align:middle;width:auto\" src=\"https:\/\/www.doctolib.de\/external_button\/doctolib-white-transparent.png\" alt=\"Doctolib\">\r\n<\/a>\t\t\t\t<\/div>\n\t\t\t\t<\/div>\n\t\t\t\t<\/div>\n\t\t<div class=\"elementor-element elementor-element-410f434 e-con-full e-flex e-con e-child\" data-id=\"410f434\" data-element_type=\"container\" data-e-type=\"container\">\n\t\t\t\t<div class=\"elementor-element elementor-element-298d2d7 elementor-button-info elementor-align-justify elementor-hidden-tablet elementor-hidden-mobile elementor-widget__width-initial elementor-invisible elementor-widget elementor-widget-button\" data-id=\"298d2d7\" data-element_type=\"widget\" data-e-type=\"widget\" data-settings=\"{&quot;_animation&quot;:&quot;zoomInDown&quot;}\" data-widget_type=\"button.default\">\n\t\t\t\t<div class=\"elementor-widget-container\">\n\t\t\t\t\t\t\t\t\t<div class=\"elementor-button-wrapper\">\n\t\t\t\t\t<a class=\"elementor-button elementor-button-link elementor-size-sm\" href=\"https:\/\/www.google.com\/maps\/place\/Augen%C3%A4rzte+M%C3%BChlenquartier+Dres.+Ghribi,+Alsamman\/@52.4894733,10.5442771,3a,75y,90t\/data=!3m8!1e1!3m6!1sAF1QipNpvAxeHunddG2xV5LD0o9QU2VRt-Hvbg8vdETa!2e10!3e11!6shttps:%2F%2Flh5.googleusercontent.com%2Fp%2FAF1QipNpvAxeHunddG2xV5LD0o9QU2VRt-Hvbg8vdETa%3Dw203-h100-k-no-pi-0-ya190.77856-ro0-fo100!7i11998!8i5999!4m9!3m8!1s0x47afef2cc8a19f41:0xd0ef7548ed7217a7!8m2!3d52.4894751!4d10.5442159!10e5!14m1!1BCgIgARICCAI!16s%2Fg%2F11p0h59fxy?entry=ttu\">\n\t\t\t\t\t\t<span class=\"elementor-button-content-wrapper\">\n\t\t\t\t\t\t\t\t\t<span class=\"elementor-button-text\">Virtueller Besuch zweites Geschoss<\/span>\n\t\t\t\t\t<\/span>\n\t\t\t\t\t<\/a>\n\t\t\t\t<\/div>\n\t\t\t\t\t\t\t\t<\/div>\n\t\t\t\t<\/div>\n\t\t\t\t<\/div>\n\t\t\t\t\t<\/div>\n\t\t\t\t<\/div>\n\t\t\t\t<\/div>\n\t\t","protected":false},"excerpt":{"rendered":"<p>Willkommen in unseren Praxisr\u00e4umen! Barrierefrei &#038; bequem per Fahrstuhl erreichbar. Previous Next Virtueller Besuch erstes Geschoss Termin online buchen Virtueller Besuch zweites Geschoss<\/p>\n","protected":false},"author":1,"featured_media":0,"parent":0,"menu_order":0,"comment_status":"closed","ping_status":"closed","template":"elementor_header_footer","meta":{"footnotes":""},"class_list":["post-59","page","type-page","status-publish","hentry"],"yoast_head":"<!-- This site is optimized with the Yoast SEO plugin v26.9 - https:\/\/yoast.com\/product\/yoast-seo-wordpress\/ -->\n<title>Praxis | Augenarztpraxis, Ambulante Augen-Op<\/title>\n<meta name=\"description\" content=\"Die Augen\u00e4rzte M\u00fchlenquartier in Gifhorn hei\u00dfen Sie herzlich willkommen! Unsere moderne Augenarztpraxis bietet ein hochqualifiziertes Team, das mit modernster medizinischer Technik ausgestattet ist. Wir verwenden innovative Diagnostik- und Behandlungsmethoden, um Ihren Arztbesuch zu einem Wohlf\u00fchlerlebnis zu machen. Besuchen Sie uns im M\u00fchlenquartier Gifhorn und buchen Sie Ihren Termin online. Wir bieten ein komfortables Gesamtpaket an medizinischen Behandlungen f\u00fcr Ihre Augengesundheit\" \/>\n<meta name=\"robots\" content=\"index, follow, max-snippet:-1, max-image-preview:large, max-video-preview:-1\" \/>\n<link rel=\"canonical\" href=\"https:\/\/augenpraxis-gifhorn.de\/index.php\/praxis\/\" \/>\n<meta property=\"og:locale\" content=\"de_DE\" \/>\n<meta property=\"og:type\" content=\"article\" \/>\n<meta property=\"og:title\" content=\"Praxis | Augenarztpraxis, Ambulante Augen-Op\" \/>\n<meta property=\"og:description\" content=\"Die Augen\u00e4rzte M\u00fchlenquartier in Gifhorn hei\u00dfen Sie herzlich willkommen! Unsere moderne Augenarztpraxis bietet ein hochqualifiziertes Team, das mit modernster medizinischer Technik ausgestattet ist. Wir verwenden innovative Diagnostik- und Behandlungsmethoden, um Ihren Arztbesuch zu einem Wohlf\u00fchlerlebnis zu machen. Besuchen Sie uns im M\u00fchlenquartier Gifhorn und buchen Sie Ihren Termin online. Wir bieten ein komfortables Gesamtpaket an medizinischen Behandlungen f\u00fcr Ihre Augengesundheit\" \/>\n<meta property=\"og:url\" content=\"https:\/\/augenpraxis-gifhorn.de\/index.php\/praxis\/\" \/>\n<meta property=\"og:site_name\" content=\"Augen\u00e4rzte M\u00fchlenquartier Gifhorn\" \/>\n<meta property=\"article:publisher\" content=\"https:\/\/www.facebook.com\/profile.php?id=61555730376764\" \/>\n<meta property=\"article:modified_time\" content=\"2024-01-20T22:11:42+00:00\" \/>\n<meta property=\"og:image\" content=\"https:\/\/www.doctolib.de\/external_button\/doctolib-white-transparent.png\" \/>\n<meta name=\"twitter:card\" content=\"summary_large_image\" \/>\n<script type=\"application\/ld+json\" class=\"yoast-schema-graph\">{\"@context\":\"https:\/\/schema.org\",\"@graph\":[{\"@type\":\"WebPage\",\"@id\":\"https:\/\/augenpraxis-gifhorn.de\/index.php\/praxis\/\",\"url\":\"https:\/\/augenpraxis-gifhorn.de\/index.php\/praxis\/\",\"name\":\"Praxis | Augenarztpraxis, Ambulante Augen-Op\",\"isPartOf\":{\"@id\":\"https:\/\/augenpraxis-gifhorn.de\/#website\"},\"primaryImageOfPage\":{\"@id\":\"https:\/\/augenpraxis-gifhorn.de\/index.php\/praxis\/#primaryimage\"},\"image\":{\"@id\":\"https:\/\/augenpraxis-gifhorn.de\/index.php\/praxis\/#primaryimage\"},\"thumbnailUrl\":\"https:\/\/www.doctolib.de\/external_button\/doctolib-white-transparent.png\",\"datePublished\":\"2023-12-01T23:22:04+00:00\",\"dateModified\":\"2024-01-20T22:11:42+00:00\",\"description\":\"Die Augen\u00e4rzte M\u00fchlenquartier in Gifhorn hei\u00dfen Sie herzlich willkommen! Unsere moderne Augenarztpraxis bietet ein hochqualifiziertes Team, das mit modernster medizinischer Technik ausgestattet ist. Wir verwenden innovative Diagnostik- und Behandlungsmethoden, um Ihren Arztbesuch zu einem Wohlf\u00fchlerlebnis zu machen. Besuchen Sie uns im M\u00fchlenquartier Gifhorn und buchen Sie Ihren Termin online. Wir bieten ein komfortables Gesamtpaket an medizinischen Behandlungen f\u00fcr Ihre Augengesundheit\",\"breadcrumb\":{\"@id\":\"https:\/\/augenpraxis-gifhorn.de\/index.php\/praxis\/#breadcrumb\"},\"inLanguage\":\"de\",\"potentialAction\":[{\"@type\":\"ReadAction\",\"target\":[\"https:\/\/augenpraxis-gifhorn.de\/index.php\/praxis\/\"]}]},{\"@type\":\"ImageObject\",\"inLanguage\":\"de\",\"@id\":\"https:\/\/augenpraxis-gifhorn.de\/index.php\/praxis\/#primaryimage\",\"url\":\"https:\/\/www.doctolib.de\/external_button\/doctolib-white-transparent.png\",\"contentUrl\":\"https:\/\/www.doctolib.de\/external_button\/doctolib-white-transparent.png\"},{\"@type\":\"BreadcrumbList\",\"@id\":\"https:\/\/augenpraxis-gifhorn.de\/index.php\/praxis\/#breadcrumb\",\"itemListElement\":[{\"@type\":\"ListItem\",\"position\":1,\"name\":\"Startseite\",\"item\":\"https:\/\/augenpraxis-gifhorn.de\/\"},{\"@type\":\"ListItem\",\"position\":2,\"name\":\"Praxis\"}]},{\"@type\":\"WebSite\",\"@id\":\"https:\/\/augenpraxis-gifhorn.de\/#website\",\"url\":\"https:\/\/augenpraxis-gifhorn.de\/\",\"name\":\"Augen\u00e4rzte M\u00fchlenquartier\",\"description\":\"Augenarztpraxis, Ambulante Augen-Op\",\"publisher\":{\"@id\":\"https:\/\/augenpraxis-gifhorn.de\/#organization\"},\"potentialAction\":[{\"@type\":\"SearchAction\",\"target\":{\"@type\":\"EntryPoint\",\"urlTemplate\":\"https:\/\/augenpraxis-gifhorn.de\/?s={search_term_string}\"},\"query-input\":{\"@type\":\"PropertyValueSpecification\",\"valueRequired\":true,\"valueName\":\"search_term_string\"}}],\"inLanguage\":\"de\"},{\"@type\":\"Organization\",\"@id\":\"https:\/\/augenpraxis-gifhorn.de\/#organization\",\"name\":\"Augen\u00e4rzte M\u00fchlenquartier Gifhorn\",\"url\":\"https:\/\/augenpraxis-gifhorn.de\/\",\"logo\":{\"@type\":\"ImageObject\",\"inLanguage\":\"de\",\"@id\":\"https:\/\/augenpraxis-gifhorn.de\/#\/schema\/logo\/image\/\",\"url\":\"http:\/\/augenpraxis-gifhorn.de\/wp-content\/uploads\/2023\/12\/cropped-Logo_Augenaerzte_Muehlenquartier-Kopie.png\",\"contentUrl\":\"http:\/\/augenpraxis-gifhorn.de\/wp-content\/uploads\/2023\/12\/cropped-Logo_Augenaerzte_Muehlenquartier-Kopie.png\",\"width\":512,\"height\":512,\"caption\":\"Augen\u00e4rzte M\u00fchlenquartier Gifhorn\"},\"image\":{\"@id\":\"https:\/\/augenpraxis-gifhorn.de\/#\/schema\/logo\/image\/\"},\"sameAs\":[\"https:\/\/www.facebook.com\/profile.php?id=61555730376764\",\"https:\/\/www.instagram.com\/augenaerzte_muehlenquartier\/\"]}]}<\/script>\n<!-- \/ Yoast SEO plugin. -->","yoast_head_json":{"title":"Praxis | Augenarztpraxis, Ambulante Augen-Op","description":"Die Augen\u00e4rzte M\u00fchlenquartier in Gifhorn hei\u00dfen Sie herzlich willkommen! Unsere moderne Augenarztpraxis bietet ein hochqualifiziertes Team, das mit modernster medizinischer Technik ausgestattet ist. Wir verwenden innovative Diagnostik- und Behandlungsmethoden, um Ihren Arztbesuch zu einem Wohlf\u00fchlerlebnis zu machen. Besuchen Sie uns im M\u00fchlenquartier Gifhorn und buchen Sie Ihren Termin online. Wir bieten ein komfortables Gesamtpaket an medizinischen Behandlungen f\u00fcr Ihre Augengesundheit","robots":{"index":"index","follow":"follow","max-snippet":"max-snippet:-1","max-image-preview":"max-image-preview:large","max-video-preview":"max-video-preview:-1"},"canonical":"https:\/\/augenpraxis-gifhorn.de\/index.php\/praxis\/","og_locale":"de_DE","og_type":"article","og_title":"Praxis | Augenarztpraxis, Ambulante Augen-Op","og_description":"Die Augen\u00e4rzte M\u00fchlenquartier in Gifhorn hei\u00dfen Sie herzlich willkommen! Unsere moderne Augenarztpraxis bietet ein hochqualifiziertes Team, das mit modernster medizinischer Technik ausgestattet ist. Wir verwenden innovative Diagnostik- und Behandlungsmethoden, um Ihren Arztbesuch zu einem Wohlf\u00fchlerlebnis zu machen. Besuchen Sie uns im M\u00fchlenquartier Gifhorn und buchen Sie Ihren Termin online. Wir bieten ein komfortables Gesamtpaket an medizinischen Behandlungen f\u00fcr Ihre Augengesundheit","og_url":"https:\/\/augenpraxis-gifhorn.de\/index.php\/praxis\/","og_site_name":"Augen\u00e4rzte M\u00fchlenquartier Gifhorn","article_publisher":"https:\/\/www.facebook.com\/profile.php?id=61555730376764","article_modified_time":"2024-01-20T22:11:42+00:00","og_image":[{"url":"https:\/\/www.doctolib.de\/external_button\/doctolib-white-transparent.png","type":"","width":"","height":""}],"twitter_card":"summary_large_image","schema":{"@context":"https:\/\/schema.org","@graph":[{"@type":"WebPage","@id":"https:\/\/augenpraxis-gifhorn.de\/index.php\/praxis\/","url":"https:\/\/augenpraxis-gifhorn.de\/index.php\/praxis\/","name":"Praxis | Augenarztpraxis, Ambulante Augen-Op","isPartOf":{"@id":"https:\/\/augenpraxis-gifhorn.de\/#website"},"primaryImageOfPage":{"@id":"https:\/\/augenpraxis-gifhorn.de\/index.php\/praxis\/#primaryimage"},"image":{"@id":"https:\/\/augenpraxis-gifhorn.de\/index.php\/praxis\/#primaryimage"},"thumbnailUrl":"https:\/\/www.doctolib.de\/external_button\/doctolib-white-transparent.png","datePublished":"2023-12-01T23:22:04+00:00","dateModified":"2024-01-20T22:11:42+00:00","description":"Die Augen\u00e4rzte M\u00fchlenquartier in Gifhorn hei\u00dfen Sie herzlich willkommen! Unsere moderne Augenarztpraxis bietet ein hochqualifiziertes Team, das mit modernster medizinischer Technik ausgestattet ist. Wir verwenden innovative Diagnostik- und Behandlungsmethoden, um Ihren Arztbesuch zu einem Wohlf\u00fchlerlebnis zu machen. Besuchen Sie uns im M\u00fchlenquartier Gifhorn und buchen Sie Ihren Termin online. Wir bieten ein komfortables Gesamtpaket an medizinischen Behandlungen f\u00fcr Ihre Augengesundheit","breadcrumb":{"@id":"https:\/\/augenpraxis-gifhorn.de\/index.php\/praxis\/#breadcrumb"},"inLanguage":"de","potentialAction":[{"@type":"ReadAction","target":["https:\/\/augenpraxis-gifhorn.de\/index.php\/praxis\/"]}]},{"@type":"ImageObject","inLanguage":"de","@id":"https:\/\/augenpraxis-gifhorn.de\/index.php\/praxis\/#primaryimage","url":"https:\/\/www.doctolib.de\/external_button\/doctolib-white-transparent.png","contentUrl":"https:\/\/www.doctolib.de\/external_button\/doctolib-white-transparent.png"},{"@type":"BreadcrumbList","@id":"https:\/\/augenpraxis-gifhorn.de\/index.php\/praxis\/#breadcrumb","itemListElement":[{"@type":"ListItem","position":1,"name":"Startseite","item":"https:\/\/augenpraxis-gifhorn.de\/"},{"@type":"ListItem","position":2,"name":"Praxis"}]},{"@type":"WebSite","@id":"https:\/\/augenpraxis-gifhorn.de\/#website","url":"https:\/\/augenpraxis-gifhorn.de\/","name":"Augen\u00e4rzte M\u00fchlenquartier","description":"Augenarztpraxis, Ambulante Augen-Op","publisher":{"@id":"https:\/\/augenpraxis-gifhorn.de\/#organization"},"potentialAction":[{"@type":"SearchAction","target":{"@type":"EntryPoint","urlTemplate":"https:\/\/augenpraxis-gifhorn.de\/?s={search_term_string}"},"query-input":{"@type":"PropertyValueSpecification","valueRequired":true,"valueName":"search_term_string"}}],"inLanguage":"de"},{"@type":"Organization","@id":"https:\/\/augenpraxis-gifhorn.de\/#organization","name":"Augen\u00e4rzte M\u00fchlenquartier Gifhorn","url":"https:\/\/augenpraxis-gifhorn.de\/","logo":{"@type":"ImageObject","inLanguage":"de","@id":"https:\/\/augenpraxis-gifhorn.de\/#\/schema\/logo\/image\/","url":"http:\/\/augenpraxis-gifhorn.de\/wp-content\/uploads\/2023\/12\/cropped-Logo_Augenaerzte_Muehlenquartier-Kopie.png","contentUrl":"http:\/\/augenpraxis-gifhorn.de\/wp-content\/uploads\/2023\/12\/cropped-Logo_Augenaerzte_Muehlenquartier-Kopie.png","width":512,"height":512,"caption":"Augen\u00e4rzte M\u00fchlenquartier Gifhorn"},"image":{"@id":"https:\/\/augenpraxis-gifhorn.de\/#\/schema\/logo\/image\/"},"sameAs":["https:\/\/www.facebook.com\/profile.php?id=61555730376764","https:\/\/www.instagram.com\/augenaerzte_muehlenquartier\/"]}]}},"_links":{"self":[{"href":"https:\/\/augenpraxis-gifhorn.de\/index.php\/wp-json\/wp\/v2\/pages\/59","targetHints":{"allow":["GET"]}}],"collection":[{"href":"https:\/\/augenpraxis-gifhorn.de\/index.php\/wp-json\/wp\/v2\/pages"}],"about":[{"href":"https:\/\/augenpraxis-gifhorn.de\/index.php\/wp-json\/wp\/v2\/types\/page"}],"author":[{"embeddable":true,"href":"https:\/\/augenpraxis-gifhorn.de\/index.php\/wp-json\/wp\/v2\/users\/1"}],"replies":[{"embeddable":true,"href":"https:\/\/augenpraxis-gifhorn.de\/index.php\/wp-json\/wp\/v2\/comments?post=59"}],"version-history":[{"count":214,"href":"https:\/\/augenpraxis-gifhorn.de\/index.php\/wp-json\/wp\/v2\/pages\/59\/revisions"}],"predecessor-version":[{"id":4084,"href":"https:\/\/augenpraxis-gifhorn.de\/index.php\/wp-json\/wp\/v2\/pages\/59\/revisions\/4084"}],"wp:attachment":[{"href":"https:\/\/augenpraxis-gifhorn.de\/index.php\/wp-json\/wp\/v2\/media?parent=59"}],"curies":[{"name":"wp","href":"https:\/\/api.w.org\/{rel}","templated":true}]}}